 {"id":34664,"date":"2021-10-23T21:10:16","date_gmt":"2021-10-23T19:10:16","guid":{"rendered":"http:\/\/al.comoditahome.com\/?post_type=product&#038;p=34664"},"modified":"2025-11-14T09:57:56","modified_gmt":"2025-11-14T07:57:56","slug":"jastek-dekorativ-oxford","status":"publish","type":"product","link":"https:\/\/www.comoditahome.com\/al\/product\/jastek-dekorativ-oxford\/","title":{"rendered":"Jast\u00ebk dekorativ Oxford"},"content":{"rendered":"","protected":false},"excerpt":{"rendered":"<p style=\"text-align: left;\">Jast\u00ebku dekorativ Oxford ka form\u00ebn katrore me rrethime q\u00eb theksojn\u00eb mbushjen e brendshme. Me ngjyr\u00eb t\u00eb k\u00ebndshme, nj\u00eb jast\u00ebk i till\u00eb do t\u00eb b\u00ebj\u00eb diferenc\u00ebn e nj\u00eb divani t\u00eb nj\u00ebtrajtsh\u00ebm, n\u00eb dhom\u00ebn e gjumit me \u00e7ar\u00e7af\u00eb klasik apo n\u00eb kolovajz\u00ebn e oborrit. Mb\u00ebshtjell\u00ebsi i tij \u00ebsht\u00eb qepur me zingjir praktik, p\u00ebr t&#8217;u pastruar apo ajrosur.<br \/>\n<strong>Dimensioni \/ Kompozicioni:<\/strong> 45x40cm<br \/>\n<strong>NGJYRA:<\/strong> Krem<br \/>\n<strong>MATERIALI:<\/strong> Kombinim i shkum\u00ebs Memory me mb\u00ebshtjell\u00ebs pambuku<br \/>\n<strong>UDH\u00cbZIMET E P\u00cbRDORIMIT:<\/strong> Mund t\u00eb lahet vet\u00ebm mb\u00ebshtjell\u00ebsi i jasht\u00ebm<br \/>\n<strong>KUSHTET E KTHIMIT \/ GARANCION:<\/strong> P\u00ebr k\u00ebt\u00eb produkt pranohet reklamacion brenda 24 or\u00ebve pasi t\u00eb pranoni porosin\u00eb.<br \/>\n<span style=\"color: #ffffff;\">85<\/span><\/p>\n","protected":false},"featured_media":33528,"template":"","meta":[],"product_cat":[183,49,100],"product_tag":[],"_links":{"self":[{"href":"https:\/\/www.comoditahome.com\/al\/wp-json\/wp\/v2\/product\/34664"}],"collection":[{"href":"https:\/\/www.comoditahome.com\/al\/wp-json\/wp\/v2\/product"}],"about":[{"href":"https:\/\/www.comoditahome.com\/al\/wp-json\/wp\/v2\/types\/product"}],"version-history":[{"count":1,"href":"https:\/\/www.comoditahome.com\/al\/wp-json\/wp\/v2\/product\/34664\/revisions"}],"predecessor-version":[{"id":88398,"href":"https:\/\/www.comoditahome.com\/al\/wp-json\/wp\/v2\/product\/34664\/revisions\/88398"}],"wp:featuredmedia":[{"embeddable":true,"href":"https:\/\/www.comoditahome.com\/al\/wp-json\/wp\/v2\/media\/33528"}],"wp:attachment":[{"href":"https:\/\/www.comoditahome.com\/al\/wp-json\/wp\/v2\/media?parent=34664"}],"wp:term":[{"taxonomy":"product_cat","embeddable":true,"href":"https:\/\/www.comoditahome.com\/al\/wp-json\/wp\/v2\/product_cat?post=34664"},{"taxonomy":"product_tag","embeddable":true,"href":"https:\/\/www.comoditahome.com\/al\/wp-json\/wp\/v2\/product_tag?post=34664"}],"curies":[{"name":"wp","href":"https:\/\/api.w.org\/{rel}","templated":true}]}}