 {"id":34667,"date":"2021-10-23T21:10:17","date_gmt":"2021-10-23T19:10:17","guid":{"rendered":"http:\/\/al.comoditahome.com\/?post_type=product&#038;p=34667"},"modified":"2026-04-23T09:00:09","modified_gmt":"2026-04-23T07:00:09","slug":"mbajtese-librash","status":"publish","type":"product","link":"https:\/\/www.comoditahome.com\/al\/product\/mbajtese-librash\/","title":{"rendered":"Mbajt\u00ebse librash"},"content":{"rendered":"","protected":false},"excerpt":{"rendered":"<p style=\"text-align: left;\">Krijoni nj\u00eb ambient t\u00eb k\u00ebndsh\u00ebm dhe edukativ p\u00ebr m\u00eb t\u00eb vegj\u00eblit tuaj n\u00eb dhom\u00ebn e tyre t\u00eb gjumit. Mbajt\u00ebset e librave mund t\u00eb vendosen n\u00eb raftet e mureve, tavolin\u00ebn af\u00ebr krevatit apo n\u00eb dhom\u00ebn e lodrave. Ato ndihmojn\u00eb n\u00eb r\u00ebnditjen e librave duke mund\u00ebsuar nj\u00eb prezantim m\u00eb t\u00eb bukur t\u00eb t\u00eb gjith\u00eb titujve. Dy mbaj\u00ebset kan\u00eb vizatime t\u00eb k\u00ebndshme me personazhe arinj\u00ebsh.<br \/>\n<strong>Dimensioni \/ Kompozicioni:<\/strong> 15x10x15cm<br \/>\n<strong>NGJYRA:<\/strong> Me dizajn<br \/>\n<strong>MATERIALI:<\/strong> Dru<br \/>\n<strong>UDH\u00cbZIMET E P\u00cbRDORIMIT:<\/strong> T\u00eb pastrohet me pastruese pluhuri<br \/>\n<strong>KUSHTET E KTHIMIT \/ GARANCION:<\/strong> P\u00ebr k\u00ebt\u00eb produkt pranohet reklamacion brenda 24 or\u00ebve pasi t\u00eb pranoni porosin\u00eb.<\/p>\n<p><span style=\"color: #ffffff;\">531023301089<\/span><\/p>\n","protected":false},"featured_media":33543,"template":"","meta":[],"product_cat":[54,53],"product_tag":[],"_links":{"self":[{"href":"https:\/\/www.comoditahome.com\/al\/wp-json\/wp\/v2\/product\/34667"}],"collection":[{"href":"https:\/\/www.comoditahome.com\/al\/wp-json\/wp\/v2\/product"}],"about":[{"href":"https:\/\/www.comoditahome.com\/al\/wp-json\/wp\/v2\/types\/product"}],"version-history":[{"count":1,"href":"https:\/\/www.comoditahome.com\/al\/wp-json\/wp\/v2\/product\/34667\/revisions"}],"predecessor-version":[{"id":54421,"href":"https:\/\/www.comoditahome.com\/al\/wp-json\/wp\/v2\/product\/34667\/revisions\/54421"}],"wp:featuredmedia":[{"embeddable":true,"href":"https:\/\/www.comoditahome.com\/al\/wp-json\/wp\/v2\/media\/33543"}],"wp:attachment":[{"href":"https:\/\/www.comoditahome.com\/al\/wp-json\/wp\/v2\/media?parent=34667"}],"wp:term":[{"taxonomy":"product_cat","embeddable":true,"href":"https:\/\/www.comoditahome.com\/al\/wp-json\/wp\/v2\/product_cat?post=34667"},{"taxonomy":"product_tag","embeddable":true,"href":"https:\/\/www.comoditahome.com\/al\/wp-json\/wp\/v2\/product_tag?post=34667"}],"curies":[{"name":"wp","href":"https:\/\/api.w.org\/{rel}","templated":true}]}}