 {"id":34669,"date":"2021-10-23T21:10:17","date_gmt":"2021-10-23T19:10:17","guid":{"rendered":"http:\/\/al.comoditahome.com\/?post_type=product&#038;p=34669"},"modified":"2026-04-23T09:00:09","modified_gmt":"2026-04-23T07:00:09","slug":"jastek-tencel-anatomik","status":"publish","type":"product","link":"https:\/\/www.comoditahome.com\/al\/product\/jastek-tencel-anatomik\/","title":{"rendered":"Jast\u00ebk Tencel Anatomik"},"content":{"rendered":"","protected":false},"excerpt":{"rendered":"<p style=\"text-align: left;\">Jast\u00ebku tencel Anatomik idizajnuar q\u00eb t\u00eb siguroj\u00eb gjum\u00eb t\u00eb rehatsh\u00ebm gjat\u00eb gjith\u00eb nat\u00ebs, i p\u00ebrshtatsh\u00ebm p\u00ebr t\u00eb gjitha pozitat. I p\u00ebrb\u00ebr\u00eb nga shkuma memorike e cil\u00ebsie s\u00eb lart\u00eb n\u00eb form\u00ebn SAPONETTA. mb\u00ebshtjell\u00ebsi i jast\u00ebkut mund t\u00eb hiqet dhe t\u00eb lahet. P\u00ebrb\u00ebhet nga fibrat tencel,t\u00eb cilat mund\u00ebsojn\u00eb nj\u00eb pushim qet\u00ebsues dhe freski gjat\u00eb gjith\u00eb nat\u00ebs.<\/p>\n<p style=\"text-align: left;\"><strong>Dimensioni \/ Kompozicioni:<\/strong> 60x40x12cm<\/p>\n<p style=\"text-align: left;\"><strong>NGJYRA:<\/strong> I bardh\u00eb<\/p>\n<p style=\"text-align: left;\"><strong>MATERIALI:<\/strong> \u00a0Fibrat Tencel<\/p>\n<p style=\"text-align: left;\"><strong>UDH\u00cbZIMET E P\u00cbRDORIMIT:<\/strong> Nuk pastrohet, vet\u00ebm ajroset. Mund t\u00eb lahet vet\u00ebm mb\u00ebshtjell\u00ebsi i jasht\u00ebm.<\/p>\n<p style=\"text-align: left;\"><strong>KUSHTET E KTHIMIT \/ GARANCION:<\/strong> P\u00ebr shkak t\u00eb kontaktit me higjien\u00eb personale, p\u00ebr produktet e tekstilit nuk pranohen kthime apo reklamacione.<\/p>\n","protected":false},"featured_media":33555,"template":"","meta":[],"product_cat":[51,76],"product_tag":[],"_links":{"self":[{"href":"https:\/\/www.comoditahome.com\/al\/wp-json\/wp\/v2\/product\/34669"}],"collection":[{"href":"https:\/\/www.comoditahome.com\/al\/wp-json\/wp\/v2\/product"}],"about":[{"href":"https:\/\/www.comoditahome.com\/al\/wp-json\/wp\/v2\/types\/product"}],"version-history":[{"count":1,"href":"https:\/\/www.comoditahome.com\/al\/wp-json\/wp\/v2\/product\/34669\/revisions"}],"predecessor-version":[{"id":91240,"href":"https:\/\/www.comoditahome.com\/al\/wp-json\/wp\/v2\/product\/34669\/revisions\/91240"}],"wp:featuredmedia":[{"embeddable":true,"href":"https:\/\/www.comoditahome.com\/al\/wp-json\/wp\/v2\/media\/33555"}],"wp:attachment":[{"href":"https:\/\/www.comoditahome.com\/al\/wp-json\/wp\/v2\/media?parent=34669"}],"wp:term":[{"taxonomy":"product_cat","embeddable":true,"href":"https:\/\/www.comoditahome.com\/al\/wp-json\/wp\/v2\/product_cat?post=34669"},{"taxonomy":"product_tag","embeddable":true,"href":"https:\/\/www.comoditahome.com\/al\/wp-json\/wp\/v2\/product_tag?post=34669"}],"curies":[{"name":"wp","href":"https:\/\/api.w.org\/{rel}","templated":true}]}}