 {"id":34671,"date":"2020-10-23T21:10:17","date_gmt":"2020-10-23T19:10:17","guid":{"rendered":"http:\/\/al.comoditahome.com\/?post_type=product&#038;p=34671"},"modified":"2026-04-23T09:00:09","modified_gmt":"2026-04-23T07:00:09","slug":"peshqir-marsilya-2","status":"publish","type":"product","link":"https:\/\/www.comoditahome.com\/al\/product\/peshqir-marsilya-2\/","title":{"rendered":"Jast\u00ebk Air Memory"},"content":{"rendered":"","protected":false},"excerpt":{"rendered":"<p style=\"text-align: left;\">Jast\u00ebku Air Memory ofron mb\u00ebshtetje t\u00eb q\u00ebndrimit t\u00eb drejt\u00eb gjat\u00eb gjith\u00eb nat\u00ebs n\u00eb mjedis t\u00eb past\u00ebr. Ka p\u00ebrb\u00ebrje t\u00eb shkum\u00ebs Memory visko-elastike me densitet t\u00eb lart\u00eb, vet\u00eb-modeluese, material ky i njohur p\u00ebr parandalimin e pikave ky\u00e7e, duke mb\u00ebshtetur kok\u00ebn dhe shpatullat dhe duke garantuar nj\u00eb rehati t\u00eb madhe. Struktura e hapur e qelizave lejon q\u00eb ajri t\u00eb qarkulloj\u00eb lirsh\u00ebm, parandalon bakteret dhe aromat e pak\u00ebnd\u00ebshme. Dizajni unik n\u00eb form\u00eb sapuni i jast\u00ebkut Air Memory ju ndihmon t\u00eb arrini nj\u00eb q\u00ebndrim t\u00eb sh\u00ebndetsh\u00ebm gjat\u00eb gjumit. Drejton n\u00eb m\u00ebnyr\u00eb t\u00eb duhur qaf\u00ebn dhe shtyll\u00ebn kurrizore. N\u00eb form\u00eb sapuni, i p\u00ebrshtatsh\u00ebm p\u00ebr t\u00eb gjitha pozicionet e fjetjes. I shk\u00eblqyer p\u00ebr personat q\u00eb flejn\u00eb n\u00eb krah\u00eb, stomak dhe shpin\u00eb. Pa arom\u00eb, jo i deformuesh\u00ebm.<\/p>\n<p style=\"text-align: left;\"><strong>Dimensioni \/ Kompozicioni:<\/strong> 60x40x12\/10cm<\/p>\n<p style=\"text-align: left;\"><strong>NGJYRA:<\/strong> I bardh\u00eb<\/p>\n<p style=\"text-align: left;\"><strong>MATERIALI:<\/strong> Shkum\u00eb Memory<\/p>\n<p style=\"text-align: left;\"><strong>UDH\u00cbZIMET E P\u00cbRDORIMIT:<\/strong> Nuk pastrohet, vet\u00ebm ajroset<\/p>\n<p style=\"text-align: left;\"><strong>KUSHTET E KTHIMIT \/ GARANCION:<\/strong> P\u00ebr shkak t\u00eb kontaktit me higjien\u00eb personale, p\u00ebr produktet e tekstilit nuk pranohen kthime apo reklamacione.<\/p>\n<p><span style=\"color: #ffffff;\">3907489130921<\/span><\/p>\n","protected":false},"featured_media":36379,"template":"","meta":[],"product_cat":[51,76],"product_tag":[],"_links":{"self":[{"href":"https:\/\/www.comoditahome.com\/al\/wp-json\/wp\/v2\/product\/34671"}],"collection":[{"href":"https:\/\/www.comoditahome.com\/al\/wp-json\/wp\/v2\/product"}],"about":[{"href":"https:\/\/www.comoditahome.com\/al\/wp-json\/wp\/v2\/types\/product"}],"version-history":[{"count":2,"href":"https:\/\/www.comoditahome.com\/al\/wp-json\/wp\/v2\/product\/34671\/revisions"}],"predecessor-version":[{"id":67172,"href":"https:\/\/www.comoditahome.com\/al\/wp-json\/wp\/v2\/product\/34671\/revisions\/67172"}],"wp:featuredmedia":[{"embeddable":true,"href":"https:\/\/www.comoditahome.com\/al\/wp-json\/wp\/v2\/media\/36379"}],"wp:attachment":[{"href":"https:\/\/www.comoditahome.com\/al\/wp-json\/wp\/v2\/media?parent=34671"}],"wp:term":[{"taxonomy":"product_cat","embeddable":true,"href":"https:\/\/www.comoditahome.com\/al\/wp-json\/wp\/v2\/product_cat?post=34671"},{"taxonomy":"product_tag","embeddable":true,"href":"https:\/\/www.comoditahome.com\/al\/wp-json\/wp\/v2\/product_tag?post=34671"}],"curies":[{"name":"wp","href":"https:\/\/api.w.org\/{rel}","templated":true}]}}