 {"id":34681,"date":"2020-10-23T21:10:18","date_gmt":"2020-10-23T19:10:18","guid":{"rendered":"http:\/\/al.comoditahome.com\/?post_type=product&#038;p=34681"},"modified":"2026-04-23T09:00:09","modified_gmt":"2026-04-23T07:00:09","slug":"peshqir-flassie","status":"publish","type":"product","link":"https:\/\/www.comoditahome.com\/al\/product\/peshqir-flassie\/","title":{"rendered":"Jast\u00ebk Down Pillow"},"content":{"rendered":"","protected":false},"excerpt":{"rendered":"<p style=\"text-align: left;\">Jast\u00ebku Down, me nj\u00eb struktur\u00eb t\u00eb ve\u00e7ant\u00eb t\u00eb p\u00ebrb\u00ebrjes ju garanton rehatin\u00eb e pakrahasueshme gjat\u00eb fjetjes. Jast\u00ebku \u00ebsht\u00eb punuar n\u00eb form\u00eb drejtk\u00ebndore, i qepur me precizitet n\u00eb mb\u00ebshtjell\u00ebs p\u00eblhure t\u00eb bardh\u00eb shum\u00eb t\u00eb but\u00eb. \u00cbsht\u00eb i mbushur p\u00ebrbrenda me pend\u00eb t\u00eb bardh\u00eb t\u00eb ros\u00ebs dhe i mbuluar me material t\u00eb bardh\u00eb pambuku. Jast\u00ebku dallohet p\u00ebr sip\u00ebrfaqen e but\u00eb dhe form\u00ebn komforde.<\/p>\n<p style=\"text-align: left;\"><strong>Dimensioni \/ Kompozicioni:<\/strong> 50x70cm<\/p>\n<p style=\"text-align: left;\"><strong>NGJYRA:<\/strong> I bardh\u00eb<\/p>\n<p style=\"text-align: left;\"><strong>MATERIALI:<\/strong> Pend\u00eb e bardh\u00eb e ros\u00ebs<\/p>\n<p style=\"text-align: left;\"><strong>UDH\u00cbZIMET E P\u00cbRDORIMIT:<\/strong> Nuk pastrohet, vet\u00ebm ajroset<\/p>\n<p style=\"text-align: left;\"><strong>KUSHTET E KTHIMIT \/ GARANCION:<\/strong> P\u00ebr shkak t\u00eb kontaktit me higjien\u00eb personale, p\u00ebr produktet e tekstilit nuk pranohen kthime apo reklamacione.<\/p>\n","protected":false},"featured_media":36384,"template":"","meta":[],"product_cat":[51,76],"product_tag":[],"_links":{"self":[{"href":"https:\/\/www.comoditahome.com\/al\/wp-json\/wp\/v2\/product\/34681"}],"collection":[{"href":"https:\/\/www.comoditahome.com\/al\/wp-json\/wp\/v2\/product"}],"about":[{"href":"https:\/\/www.comoditahome.com\/al\/wp-json\/wp\/v2\/types\/product"}],"version-history":[{"count":1,"href":"https:\/\/www.comoditahome.com\/al\/wp-json\/wp\/v2\/product\/34681\/revisions"}],"predecessor-version":[{"id":87710,"href":"https:\/\/www.comoditahome.com\/al\/wp-json\/wp\/v2\/product\/34681\/revisions\/87710"}],"wp:featuredmedia":[{"embeddable":true,"href":"https:\/\/www.comoditahome.com\/al\/wp-json\/wp\/v2\/media\/36384"}],"wp:attachment":[{"href":"https:\/\/www.comoditahome.com\/al\/wp-json\/wp\/v2\/media?parent=34681"}],"wp:term":[{"taxonomy":"product_cat","embeddable":true,"href":"https:\/\/www.comoditahome.com\/al\/wp-json\/wp\/v2\/product_cat?post=34681"},{"taxonomy":"product_tag","embeddable":true,"href":"https:\/\/www.comoditahome.com\/al\/wp-json\/wp\/v2\/product_tag?post=34681"}],"curies":[{"name":"wp","href":"https:\/\/api.w.org\/{rel}","templated":true}]}}