 {"id":34729,"date":"2021-10-23T21:10:32","date_gmt":"2021-10-23T19:10:32","guid":{"rendered":"http:\/\/al.comoditahome.com\/?post_type=product&#038;p=34729"},"modified":"2026-05-14T14:27:18","modified_gmt":"2026-05-14T12:27:18","slug":"set-mbulese-shtrati-velvet-touch-per-nje-person-2","status":"publish","type":"product","link":"https:\/\/www.comoditahome.com\/al\/product\/set-mbulese-shtrati-velvet-touch-per-nje-person-2\/","title":{"rendered":"Set mbulese shtrati Velvet Touch p\u00ebr nj\u00eb person"},"content":{"rendered":"","protected":false},"excerpt":{"rendered":"<p style=\"text-align: left;\">Seti i mbules\u00ebs s\u00eb shtratit nga linja Velvet Touch prezantohet me nuanc\u00ebn t\u00ebrheq\u00ebse roz\u00eb t\u00eb hapur. Ky set dallohet p\u00ebr materialin cil\u00ebsor me plot\u00eb shije q\u00eb i shton eleganc\u00ebn krevatit tuaj t\u00eb gjumit. Me nj\u00eb sip\u00ebrfaqe t\u00eb but\u00eb kadifeje, me struktur\u00eb t\u00eb tekstur\u00ebs me vija simetrike, ky model integron madh\u00ebshtin\u00eb n\u00eb ambientin tuaj.<br \/>\n<strong>Dimensioni \/ Kompozicioni:<\/strong> Set me 2 pjes\u00eb: 1x mbules\u00eb shtrati 160x220cm, 1x k\u00ebll\u00ebf jast\u00ebku 50x70cm<br \/>\n<strong>NGJYRA:<\/strong> E kalt\u00ebr e hapur<br \/>\n<strong>MATERIALI:<\/strong> 50% Pambuk 50% Poliest\u00ebr<br \/>\n<strong>UDH\u00cbZIMET E P\u00cbRDORIMIT:<\/strong> N\u00eb makin\u00eb lar\u00ebse 30\u00b0C<br \/>\n<strong>KUSHTET E KTHIMIT \/ GARANCION:<\/strong>\u00a0P\u00ebr shkak t\u00eb kontaktit me higjien\u00eb personale, p\u00ebr produktet e tekstilit nuk pranohen kthime apo reklamacione.<\/p>\n<p>&nbsp;<\/p>\n<p><span style=\"color: #ffffff;\">3907489180063<\/span><\/p>\n","protected":false},"featured_media":33701,"template":"","meta":[],"product_cat":[51,102],"product_tag":[],"_links":{"self":[{"href":"https:\/\/www.comoditahome.com\/al\/wp-json\/wp\/v2\/product\/34729"}],"collection":[{"href":"https:\/\/www.comoditahome.com\/al\/wp-json\/wp\/v2\/product"}],"about":[{"href":"https:\/\/www.comoditahome.com\/al\/wp-json\/wp\/v2\/types\/product"}],"version-history":[{"count":2,"href":"https:\/\/www.comoditahome.com\/al\/wp-json\/wp\/v2\/product\/34729\/revisions"}],"predecessor-version":[{"id":73761,"href":"https:\/\/www.comoditahome.com\/al\/wp-json\/wp\/v2\/product\/34729\/revisions\/73761"}],"wp:featuredmedia":[{"embeddable":true,"href":"https:\/\/www.comoditahome.com\/al\/wp-json\/wp\/v2\/media\/33701"}],"wp:attachment":[{"href":"https:\/\/www.comoditahome.com\/al\/wp-json\/wp\/v2\/media?parent=34729"}],"wp:term":[{"taxonomy":"product_cat","embeddable":true,"href":"https:\/\/www.comoditahome.com\/al\/wp-json\/wp\/v2\/product_cat?post=34729"},{"taxonomy":"product_tag","embeddable":true,"href":"https:\/\/www.comoditahome.com\/al\/wp-json\/wp\/v2\/product_tag?post=34729"}],"curies":[{"name":"wp","href":"https:\/\/api.w.org\/{rel}","templated":true}]}}