 {"id":34756,"date":"2021-10-23T21:10:44","date_gmt":"2021-10-23T19:10:44","guid":{"rendered":"http:\/\/al.comoditahome.com\/?post_type=product&#038;p=34756"},"modified":"2026-04-23T09:00:11","modified_gmt":"2026-04-23T07:00:11","slug":"set-carcafesh-freeboy-per-femije","status":"publish","type":"product","link":"https:\/\/www.comoditahome.com\/al\/product\/set-carcafesh-freeboy-per-femije\/","title":{"rendered":"Set \u00e7ar\u00e7af\u00ebsh Freeboy p\u00ebr f\u00ebmij\u00eb"},"content":{"rendered":"","protected":false},"excerpt":{"rendered":"<p style=\"text-align: left;\">Seti i \u00e7ar\u00e7af\u00ebve Freeboy, me dizajnin p\u00ebrplot me ngjyra dhe vizatime, i shton shije moderne dhom\u00ebs s\u00eb gjumit t\u00eb f\u00ebmij\u00ebve tuaj. Ky model, i punuar nga nj\u00eb material tejet i but\u00eb dhe cil\u00ebsor, ngrit edhe kreativitetin e t\u00eb vegj\u00eblve duke i stimuluar t\u00eb mendojn\u00eb p\u00ebr sportet e reja me t\u00eb cilat mund t\u00eb luajn\u00eb gjat\u00eb f\u00ebmiris\u00eb s\u00eb tyre. Ky set \u00e7ar\u00e7af\u00ebsh ju mund\u00ebson ambient higjenik larg alergjive dhe bakterieve.<br \/>\n<strong>Dimensioni \/ Kompozicioni:<\/strong> Set me 3 pjes\u00eb: 1x k\u00ebll\u00ebf jorgani 160x200cm, 1x \u00e7ar\u00e7af i dyshekut 160x240cm, 1x k\u00ebll\u00ebf jast\u00ebk\u00ebsh 50x70cm<br \/>\n<strong>NGJYRA:<\/strong> Me dizajn<br \/>\n<strong>MATERIALI:<\/strong> 100% Pambuk<br \/>\n<strong>UDH\u00cbZIMET E P\u00cbRDORIMIT:<\/strong> N\u00eb makin\u00eb lar\u00ebse 30\u00b0C<br \/>\n<strong>KUSHTET E KTHIMIT \/ GARANCION:<\/strong>\u00a0P\u00ebr shkak t\u00eb kontaktit me higjien\u00eb personale, p\u00ebr produktet e tekstilit nuk pranohen kthime apo reklamacione.<\/p>\n","protected":false},"featured_media":33850,"template":"","meta":[],"product_cat":[51,53],"product_tag":[],"_links":{"self":[{"href":"https:\/\/www.comoditahome.com\/al\/wp-json\/wp\/v2\/product\/34756"}],"collection":[{"href":"https:\/\/www.comoditahome.com\/al\/wp-json\/wp\/v2\/product"}],"about":[{"href":"https:\/\/www.comoditahome.com\/al\/wp-json\/wp\/v2\/types\/product"}],"version-history":[{"count":0,"href":"https:\/\/www.comoditahome.com\/al\/wp-json\/wp\/v2\/product\/34756\/revisions"}],"wp:featuredmedia":[{"embeddable":true,"href":"https:\/\/www.comoditahome.com\/al\/wp-json\/wp\/v2\/media\/33850"}],"wp:attachment":[{"href":"https:\/\/www.comoditahome.com\/al\/wp-json\/wp\/v2\/media?parent=34756"}],"wp:term":[{"taxonomy":"product_cat","embeddable":true,"href":"https:\/\/www.comoditahome.com\/al\/wp-json\/wp\/v2\/product_cat?post=34756"},{"taxonomy":"product_tag","embeddable":true,"href":"https:\/\/www.comoditahome.com\/al\/wp-json\/wp\/v2\/product_tag?post=34756"}],"curies":[{"name":"wp","href":"https:\/\/api.w.org\/{rel}","templated":true}]}}