 {"id":34767,"date":"2021-10-23T21:10:46","date_gmt":"2021-10-23T19:10:46","guid":{"rendered":"http:\/\/al.comoditahome.com\/?post_type=product&#038;p=34767"},"modified":"2026-04-09T11:54:47","modified_gmt":"2026-04-09T09:54:47","slug":"karrige-kopshti","status":"publish","type":"product","link":"https:\/\/www.comoditahome.com\/al\/product\/karrige-kopshti\/","title":{"rendered":"Karrige kopshti"},"content":{"rendered":"","protected":false},"excerpt":{"rendered":"<p style=\"text-align: left;\">Kjo karrige kopshti me dizajnin me ngjyr\u00eb t\u00eb err\u00ebt dallohet p\u00ebr form\u00ebn e rehatshme t\u00eb shpin\u00ebs, shtrirjen e mir\u00eb tek mbajt\u00ebset e duarve dhe dizajnin minimalist. \u00cbsht\u00eb tejet e leht\u00eb p\u00ebr t&#8217;u mir\u00ebmbajtur dhe p\u00ebrshtetet me lloje t\u00eb ndryshme t\u00eb tavolinave. Karriga mund t\u00eb mbaj personat me pesh\u00eb deri 160kg.<br \/>\n<strong>Dimensioni \/ Kompozicioni:<\/strong>\u00a054x73x90cm<br \/>\n<strong>NGJYRA:<\/strong>\u00a0E zez\u00eb<br \/>\n<strong>MATERIALI:<\/strong>\u00a0\u00c7elik dhe bez<br \/>\n<strong>UDH\u00cbZIMET E P\u00cbRDORIMIT:<\/strong>\u00a0T\u00eb pastrohet me dor\u00eb<br \/>\n<strong>KUSHTET E KTHIMIT \/ GARANCION:<\/strong>\u00a0P\u00ebr k\u00ebt\u00eb produkt pranohet reklamacion brenda 24 or\u00ebve pasi t\u00eb pranoni porosin\u00eb.<\/p>\n","protected":false},"featured_media":33856,"template":"","meta":[],"product_cat":[105,104],"product_tag":[],"_links":{"self":[{"href":"https:\/\/www.comoditahome.com\/al\/wp-json\/wp\/v2\/product\/34767"}],"collection":[{"href":"https:\/\/www.comoditahome.com\/al\/wp-json\/wp\/v2\/product"}],"about":[{"href":"https:\/\/www.comoditahome.com\/al\/wp-json\/wp\/v2\/types\/product"}],"version-history":[{"count":0,"href":"https:\/\/www.comoditahome.com\/al\/wp-json\/wp\/v2\/product\/34767\/revisions"}],"wp:featuredmedia":[{"embeddable":true,"href":"https:\/\/www.comoditahome.com\/al\/wp-json\/wp\/v2\/media\/33856"}],"wp:attachment":[{"href":"https:\/\/www.comoditahome.com\/al\/wp-json\/wp\/v2\/media?parent=34767"}],"wp:term":[{"taxonomy":"product_cat","embeddable":true,"href":"https:\/\/www.comoditahome.com\/al\/wp-json\/wp\/v2\/product_cat?post=34767"},{"taxonomy":"product_tag","embeddable":true,"href":"https:\/\/www.comoditahome.com\/al\/wp-json\/wp\/v2\/product_tag?post=34767"}],"curies":[{"name":"wp","href":"https:\/\/api.w.org\/{rel}","templated":true}]}}