 {"id":34774,"date":"2021-10-23T21:10:46","date_gmt":"2021-10-23T19:10:46","guid":{"rendered":"http:\/\/al.comoditahome.com\/?post_type=product&#038;p=34774"},"modified":"2026-03-02T09:11:30","modified_gmt":"2026-03-02T07:11:30","slug":"tavoline-katrore-kopshti","status":"publish","type":"product","link":"https:\/\/www.comoditahome.com\/al\/product\/tavoline-katrore-kopshti\/","title":{"rendered":"Tavolin\u00eb katrore kopshti"},"content":{"rendered":"","protected":false},"excerpt":{"rendered":"<p style=\"text-align: left;\">Tavolina e kopshtit vjen n\u00eb form\u00eb katrore, me stuktur\u00eb qeliku \u00e7ka e b\u00ebn\u00eb tejet stabile dhe jet\u00ebgjat\u00eb. Xhama e veshur n\u00eb pjes\u00ebn e sip\u00ebrme t\u00eb tavolin\u00ebs ka modelin val\u00eb val\u00eb, me nj\u00eb vrim\u00eb t\u00eb hapur n\u00eb mes p\u00ebr t\u00eb vendosur \u00e7adr\u00ebn p\u00ebr hije. Mbajt\u00ebset e k\u00ebsaj tavoline jan\u00eb t\u00eb komplekse dhe shum\u00eb t\u00eb q\u00ebndrueshme.<br \/>\n<strong>Dimensioni \/ Kompozicioni:<\/strong>\u00a080x80x71cm<br \/>\n<strong>NGJYRA:<\/strong>\u00a0E kaft\u00eb<br \/>\n<strong>MATERIALI:<\/strong>\u00a0\u00c7elik dhe xham<br \/>\n<strong>UDH\u00cbZIMET E P\u00cbRDORIMIT:<\/strong>\u00a0T\u00eb pastrohet me dor\u00eb<br \/>\n<strong>KUSHTET E KTHIMIT \/ GARANCION:<\/strong>\u00a0P\u00ebr k\u00ebt\u00eb produkt pranohet reklamacion brenda 24 or\u00ebve pasi t\u00eb pranoni porosin\u00eb.<\/p>\n","protected":false},"featured_media":33884,"template":"","meta":[],"product_cat":[104,106],"product_tag":[],"_links":{"self":[{"href":"https:\/\/www.comoditahome.com\/al\/wp-json\/wp\/v2\/product\/34774"}],"collection":[{"href":"https:\/\/www.comoditahome.com\/al\/wp-json\/wp\/v2\/product"}],"about":[{"href":"https:\/\/www.comoditahome.com\/al\/wp-json\/wp\/v2\/types\/product"}],"version-history":[{"count":0,"href":"https:\/\/www.comoditahome.com\/al\/wp-json\/wp\/v2\/product\/34774\/revisions"}],"wp:featuredmedia":[{"embeddable":true,"href":"https:\/\/www.comoditahome.com\/al\/wp-json\/wp\/v2\/media\/33884"}],"wp:attachment":[{"href":"https:\/\/www.comoditahome.com\/al\/wp-json\/wp\/v2\/media?parent=34774"}],"wp:term":[{"taxonomy":"product_cat","embeddable":true,"href":"https:\/\/www.comoditahome.com\/al\/wp-json\/wp\/v2\/product_cat?post=34774"},{"taxonomy":"product_tag","embeddable":true,"href":"https:\/\/www.comoditahome.com\/al\/wp-json\/wp\/v2\/product_tag?post=34774"}],"curies":[{"name":"wp","href":"https:\/\/api.w.org\/{rel}","templated":true}]}}