 {"id":34780,"date":"2021-10-23T21:10:47","date_gmt":"2021-10-23T19:10:47","guid":{"rendered":"http:\/\/al.comoditahome.com\/?post_type=product&#038;p=34780"},"modified":"2026-04-09T11:54:48","modified_gmt":"2026-04-09T09:54:48","slug":"cader-kopshti-2","status":"publish","type":"product","link":"https:\/\/www.comoditahome.com\/al\/product\/cader-kopshti-2\/","title":{"rendered":"\u00c7ad\u00ebr kopshti"},"content":{"rendered":"","protected":false},"excerpt":{"rendered":"<p style=\"text-align: left;\">\u00c7ardra e kopshtit n\u00eb ngjyr\u00eb t\u00eb hapur \u00ebsht\u00eb akesori i duhur q\u00eb finalizon komoditetin n\u00eb ambient t\u00eb hapur. E p\u00ebrkryer p\u00ebr t&#8217;ju siguruar hije n\u00eb dit\u00ebt me shum\u00eb diell, kjo \u00e7ad\u00ebr ka nj\u00eb diamet\u00ebr t\u00eb konsideruesh\u00ebm p\u00ebr t&#8217;i mund\u00ebsuar hije t\u00ebr\u00eb tavolin\u00ebs. \u00cbsht\u00eb mjaft\u00eb e leht\u00eb p\u00ebr t&#8217;u pastruar dhe p\u00ebrshtatet leht\u00ebsisht n\u00eb vrim\u00ebn n\u00eb mesin e tavolin\u00ebs.<br \/>\n<strong>Dimensioni \/ Kompozicioni:<\/strong>\u00a0Diametri i \u00e7adr\u00ebs 179cm, gjat\u00ebsia 204cm<br \/>\n<strong>NGJYRA:<\/strong>\u00a0E zez\u00eb<br \/>\n<strong>MATERIALI:<\/strong>\u00a0\u00c7elik dhe poliest\u00ebr<br \/>\n<strong>UDH\u00cbZIMET E P\u00cbRDORIMIT:<\/strong>\u00a0T\u00eb pastrohet me dor\u00eb<br \/>\n<strong>KUSHTET E KTHIMIT \/ GARANCION:<\/strong>\u00a0P\u00ebr k\u00ebt\u00eb produkt pranohet reklamacion brenda 24 or\u00ebve pasi t\u00eb pranoni porosin\u00eb.<\/p>\n","protected":false},"featured_media":33901,"template":"","meta":[],"product_cat":[107,104],"product_tag":[],"_links":{"self":[{"href":"https:\/\/www.comoditahome.com\/al\/wp-json\/wp\/v2\/product\/34780"}],"collection":[{"href":"https:\/\/www.comoditahome.com\/al\/wp-json\/wp\/v2\/product"}],"about":[{"href":"https:\/\/www.comoditahome.com\/al\/wp-json\/wp\/v2\/types\/product"}],"version-history":[{"count":0,"href":"https:\/\/www.comoditahome.com\/al\/wp-json\/wp\/v2\/product\/34780\/revisions"}],"wp:featuredmedia":[{"embeddable":true,"href":"https:\/\/www.comoditahome.com\/al\/wp-json\/wp\/v2\/media\/33901"}],"wp:attachment":[{"href":"https:\/\/www.comoditahome.com\/al\/wp-json\/wp\/v2\/media?parent=34780"}],"wp:term":[{"taxonomy":"product_cat","embeddable":true,"href":"https:\/\/www.comoditahome.com\/al\/wp-json\/wp\/v2\/product_cat?post=34780"},{"taxonomy":"product_tag","embeddable":true,"href":"https:\/\/www.comoditahome.com\/al\/wp-json\/wp\/v2\/product_tag?post=34780"}],"curies":[{"name":"wp","href":"https:\/\/api.w.org\/{rel}","templated":true}]}}