 {"id":34782,"date":"2021-10-23T21:10:47","date_gmt":"2021-10-23T19:10:47","guid":{"rendered":"http:\/\/al.comoditahome.com\/?post_type=product&#038;p=34782"},"modified":"2026-05-07T09:34:08","modified_gmt":"2026-05-07T07:34:08","slug":"set-ndenje-per-kopsht","status":"publish","type":"product","link":"https:\/\/www.comoditahome.com\/al\/product\/set-ndenje-per-kopsht\/","title":{"rendered":"Set ndenje p\u00ebr kopsht"},"content":{"rendered":"","protected":false},"excerpt":{"rendered":"<p style=\"text-align: left;\">Dizajnoni verand\u00ebn tuaj me elemente q\u00eb shtojn\u00eb komoditetin dhe hijeshojn\u00eb \u00e7do moment t\u00eb pasditeve tuaja n\u00eb ambient t\u00eb hapur. Ky set 5 pjes\u00ebsh ofron komoditet p\u00ebr kat\u00ebr persona, si nj\u00eb hap\u00ebsir\u00eb e k\u00ebndshme ndenj\u00ebje ku mund t\u00eb lexoni librin tuaj t\u00eb preferuar, drekoni me familjen apo t\u00eb shijoni freskin\u00eb verore. Me nj\u00eb stuktur\u00eb t\u00eb ve\u00e7ant\u00eb t\u00eb punuar nga druri, ratani me mbajt\u00ebse t\u00eb hekurta e s\u00eb bashku me shtres\u00ebn e trash\u00eb t\u00eb shiltes me shpus\u00eb, pjes\u00ebt e k\u00ebtij seti finalizohen si ul\u00ebse tejet t\u00eb rehatshme. Ul\u00ebset p\u00ebr nj\u00eb person mund t\u00eb mbajn\u00eb personat me pesh\u00eb deri 160kg., kolltuku  p\u00ebr dy persona deri n\u00eb 360kg nd\u00ebrsa n\u00eb tavolina mund t\u00eb vendosni elemente deri n\u00eb 80kg.<br \/>\n<strong>Dimensioni \/ Kompozicioni:<\/strong>\u00a0Set me 5 pjes\u00eb: 2x sofa 76x73x65cm, 1x sofa 171x73x65cm, 1x tavolin\u00eb 44x44x37cm, 1x tavolin\u00eb 62x62x42cm<br \/>\n<strong>NGJYRA:<\/strong>\u00a0Hiri, bezh<br \/>\n<strong>MATERIALI:<\/strong>\u00a0Dru, Plastik\u00eb, Ratan dhe Alumin<br \/>\n<strong>UDH\u00cbZIMET E P\u00cbRDORIMIT:<\/strong>\u00a0T\u00eb pastrohet me dor\u00eb<br \/>\n<strong>KUSHTET E KTHIMIT \/ GARANCION:<\/strong>\u00a0P\u00ebr k\u00ebt\u00eb produkt pranohet reklamacion brenda 24 or\u00ebve pasi t\u00eb pranoni porosin\u00eb.<\/p>\n","protected":false},"featured_media":33914,"template":"","meta":[],"product_cat":[104,108],"product_tag":[],"_links":{"self":[{"href":"https:\/\/www.comoditahome.com\/al\/wp-json\/wp\/v2\/product\/34782"}],"collection":[{"href":"https:\/\/www.comoditahome.com\/al\/wp-json\/wp\/v2\/product"}],"about":[{"href":"https:\/\/www.comoditahome.com\/al\/wp-json\/wp\/v2\/types\/product"}],"version-history":[{"count":0,"href":"https:\/\/www.comoditahome.com\/al\/wp-json\/wp\/v2\/product\/34782\/revisions"}],"wp:featuredmedia":[{"embeddable":true,"href":"https:\/\/www.comoditahome.com\/al\/wp-json\/wp\/v2\/media\/33914"}],"wp:attachment":[{"href":"https:\/\/www.comoditahome.com\/al\/wp-json\/wp\/v2\/media?parent=34782"}],"wp:term":[{"taxonomy":"product_cat","embeddable":true,"href":"https:\/\/www.comoditahome.com\/al\/wp-json\/wp\/v2\/product_cat?post=34782"},{"taxonomy":"product_tag","embeddable":true,"href":"https:\/\/www.comoditahome.com\/al\/wp-json\/wp\/v2\/product_tag?post=34782"}],"curies":[{"name":"wp","href":"https:\/\/api.w.org\/{rel}","templated":true}]}}