 {"id":34783,"date":"2021-10-23T21:10:47","date_gmt":"2021-10-23T19:10:47","guid":{"rendered":"http:\/\/al.comoditahome.com\/?post_type=product&#038;p=34783"},"modified":"2026-04-09T11:54:48","modified_gmt":"2026-04-09T09:54:48","slug":"kolovajze-ovale","status":"publish","type":"product","link":"https:\/\/www.comoditahome.com\/al\/product\/kolovajze-ovale\/","title":{"rendered":"Kolovajz\u00eb ovale"},"content":{"rendered":"","protected":false},"excerpt":{"rendered":"<p style=\"text-align: left;\">Kolovajza ovale e bardh\u00eb \u00ebsht\u00eb rafinuar me nj\u00eb form\u00eb moderne gjysm\u00eb rrethore, duke u finalizuar k\u00ebshtu si elementi m\u00eb i rehatsh\u00ebm p\u00ebr verand\u00ebn, ballkanin apo hap\u00ebsir\u00ebn e brendshme t\u00eb sht\u00ebpis\u00eb p\u00ebr ndenj\u00eb dhe relax. \u00cbsht\u00eb ul\u00ebsja madh\u00ebshtore q\u00eb i duhet secil\u00ebs sht\u00ebpi q\u00eb kryefjal ka rehatin\u00eb dhe autencitetin. Ka nj\u00eb mekaniz\u00ebm mbajt\u00ebs q\u00eb mund t\u00eb mondohet n\u00eb pjes\u00eb t\u00eb ndryshme t\u00eb dyshemeve. Kolovajza sh\u00ebrben si luhat\u00ebse e cila ka kapacitetin t\u00eb mbaj\u00eb pesh\u00eb deri n\u00eb 120kg.<br \/>\n<strong>Dimensioni \/ Kompozicioni:<\/strong>\u00a0Ul\u00ebsja: 109x82x63cm, korniza e hekurt: 191cm, Bazamenti i posht\u00ebm: 95cm<br \/>\n<strong>NGJYRA:<\/strong>\u00a0E bardh\u00eb<br \/>\n<strong>MATERIALI:<\/strong>\u00a0Dru palmeje dhe Hekuri<br \/>\n<strong>UDH\u00cbZIMET E P\u00cbRDORIMIT:<\/strong>\u00a0T\u00eb pastrohet me dor\u00eb<br \/>\n<strong>KUSHTET E KTHIMIT \/ GARANCION:<\/strong>\u00a0P\u00ebr k\u00ebt\u00eb produkt pranohet reklamacion brenda 24 or\u00ebve pasi t\u00eb pranoni porosin\u00eb.<\/p>\n","protected":false},"featured_media":36222,"template":"","meta":[],"product_cat":[109,104],"product_tag":[],"_links":{"self":[{"href":"https:\/\/www.comoditahome.com\/al\/wp-json\/wp\/v2\/product\/34783"}],"collection":[{"href":"https:\/\/www.comoditahome.com\/al\/wp-json\/wp\/v2\/product"}],"about":[{"href":"https:\/\/www.comoditahome.com\/al\/wp-json\/wp\/v2\/types\/product"}],"version-history":[{"count":0,"href":"https:\/\/www.comoditahome.com\/al\/wp-json\/wp\/v2\/product\/34783\/revisions"}],"wp:featuredmedia":[{"embeddable":true,"href":"https:\/\/www.comoditahome.com\/al\/wp-json\/wp\/v2\/media\/36222"}],"wp:attachment":[{"href":"https:\/\/www.comoditahome.com\/al\/wp-json\/wp\/v2\/media?parent=34783"}],"wp:term":[{"taxonomy":"product_cat","embeddable":true,"href":"https:\/\/www.comoditahome.com\/al\/wp-json\/wp\/v2\/product_cat?post=34783"},{"taxonomy":"product_tag","embeddable":true,"href":"https:\/\/www.comoditahome.com\/al\/wp-json\/wp\/v2\/product_tag?post=34783"}],"curies":[{"name":"wp","href":"https:\/\/api.w.org\/{rel}","templated":true}]}}