 {"id":34787,"date":"2021-10-23T21:10:55","date_gmt":"2021-10-23T19:10:55","guid":{"rendered":"http:\/\/al.comoditahome.com\/?post_type=product&#038;p=34787"},"modified":"2026-05-07T09:34:08","modified_gmt":"2026-05-07T07:34:08","slug":"luhatese-rrethore","status":"publish","type":"product","link":"https:\/\/www.comoditahome.com\/al\/product\/luhatese-rrethore\/","title":{"rendered":"Luhat\u00ebse rrethore"},"content":{"rendered":"","protected":false},"excerpt":{"rendered":"<p style=\"text-align: left;\">Shijoni relaksin q\u00eb vet\u00ebm natyra mund t&#8217;ju ofroj, me luhat\u00ebsen e k\u00ebndshme q\u00eb mund t&#8217;a poziciononi n\u00eb hijen e drunj\u00ebve. Luhat\u00ebsja mund t\u00eb mbaj personat me pesh\u00eb deri 110kg, dhe ka litar\u00eb t\u00eb fuqijsh\u00ebm q\u00eb mb\u00ebshteten n\u00eb drunj\u00eb apo mbajt\u00ebse tjera duke siguruar stabilitet. Luhat\u00ebsja \u00ebsht\u00eb dizajnuar n\u00eb baz\u00eb druri t\u00eb rrumbullak\u00ebt, duke i dh\u00ebn\u00eb shum\u00eb hijeshi ambientit tuaj.<br \/>\n<strong>Dimensioni \/ Kompozicioni:<\/strong> 60x80x180cm<br \/>\n<strong>NGJYRA:<\/strong>\u00a0Hiri<br \/>\n<strong>MATERIALI:<\/strong>\u00a0Dru dhe Senit<br \/>\n<strong>UDH\u00cbZIMET E P\u00cbRDORIMIT:<\/strong>\u00a0T\u00eb pastrohet me dor\u00eb<br \/>\n<strong>KUSHTET E KTHIMIT \/ GARANCION:<\/strong>\u00a0P\u00ebr k\u00ebt\u00eb produkt pranohet reklamacion brenda 24 or\u00ebve pasi t\u00eb pranoni porosin\u00eb.<\/p>\n","protected":false},"featured_media":33938,"template":"","meta":[],"product_cat":[104,110],"product_tag":[],"_links":{"self":[{"href":"https:\/\/www.comoditahome.com\/al\/wp-json\/wp\/v2\/product\/34787"}],"collection":[{"href":"https:\/\/www.comoditahome.com\/al\/wp-json\/wp\/v2\/product"}],"about":[{"href":"https:\/\/www.comoditahome.com\/al\/wp-json\/wp\/v2\/types\/product"}],"version-history":[{"count":0,"href":"https:\/\/www.comoditahome.com\/al\/wp-json\/wp\/v2\/product\/34787\/revisions"}],"wp:featuredmedia":[{"embeddable":true,"href":"https:\/\/www.comoditahome.com\/al\/wp-json\/wp\/v2\/media\/33938"}],"wp:attachment":[{"href":"https:\/\/www.comoditahome.com\/al\/wp-json\/wp\/v2\/media?parent=34787"}],"wp:term":[{"taxonomy":"product_cat","embeddable":true,"href":"https:\/\/www.comoditahome.com\/al\/wp-json\/wp\/v2\/product_cat?post=34787"},{"taxonomy":"product_tag","embeddable":true,"href":"https:\/\/www.comoditahome.com\/al\/wp-json\/wp\/v2\/product_tag?post=34787"}],"curies":[{"name":"wp","href":"https:\/\/api.w.org\/{rel}","templated":true}]}}