 {"id":34791,"date":"2021-10-23T21:10:55","date_gmt":"2021-10-23T19:10:55","guid":{"rendered":"http:\/\/al.comoditahome.com\/?post_type=product&#038;p=34791"},"modified":"2024-11-15T09:45:26","modified_gmt":"2024-11-15T07:45:26","slug":"set-tavoline-me-karrige-per-kopsht-2","status":"publish","type":"product","link":"https:\/\/www.comoditahome.com\/al\/product\/set-tavoline-me-karrige-per-kopsht-2\/","title":{"rendered":"Set tavolin\u00eb me karrige p\u00ebr kopsht"},"content":{"rendered":"","protected":false},"excerpt":{"rendered":"<p style=\"text-align: left;\">Finalizoni verand\u00ebn tuaj me shum\u00eb shije, duke pozicionuar nj\u00eb tavolin\u00eb komplekse t\u00eb p\u00ebrshtatshme p\u00ebr 4 persona. I gjith\u00eb seti dallohet p\u00ebr modelin minimalist t\u00eb rafinuar me eleganc\u00eb, duke nxjerr n\u00eb pah detajet e bukura t\u00eb materialit t\u00eb bezit me stuktur\u00eb t\u00eb \u00e7elikut.<br \/>\n<strong>Dimensioni \/ Kompozicioni:<\/strong> Set me 5 pjes\u00eb: 1x tavolin\u00eb 80x80x71cm, 4x karrige 54x73x90cm<br \/>\n<strong>NGJYRA:<\/strong>\u00a0E zez\u00eb<br \/>\n<strong>MATERIALI:<\/strong>\u00a0\u00c7elik dhe bez, xham<br \/>\n<strong>UDH\u00cbZIMET E P\u00cbRDORIMIT:<\/strong>\u00a0T\u00eb pastrohet me dor\u00eb<br \/>\n<strong>KUSHTET E KTHIMIT \/ GARANCION:<\/strong>\u00a0P\u00ebr k\u00ebt\u00eb produkt pranohet reklamacion brenda 24 or\u00ebve pasi t\u00eb pranoni porosin\u00eb.<\/p>\n","protected":false},"featured_media":33944,"template":"","meta":[],"product_cat":[104,108],"product_tag":[],"_links":{"self":[{"href":"https:\/\/www.comoditahome.com\/al\/wp-json\/wp\/v2\/product\/34791"}],"collection":[{"href":"https:\/\/www.comoditahome.com\/al\/wp-json\/wp\/v2\/product"}],"about":[{"href":"https:\/\/www.comoditahome.com\/al\/wp-json\/wp\/v2\/types\/product"}],"version-history":[{"count":1,"href":"https:\/\/www.comoditahome.com\/al\/wp-json\/wp\/v2\/product\/34791\/revisions"}],"predecessor-version":[{"id":35997,"href":"https:\/\/www.comoditahome.com\/al\/wp-json\/wp\/v2\/product\/34791\/revisions\/35997"}],"wp:featuredmedia":[{"embeddable":true,"href":"https:\/\/www.comoditahome.com\/al\/wp-json\/wp\/v2\/media\/33944"}],"wp:attachment":[{"href":"https:\/\/www.comoditahome.com\/al\/wp-json\/wp\/v2\/media?parent=34791"}],"wp:term":[{"taxonomy":"product_cat","embeddable":true,"href":"https:\/\/www.comoditahome.com\/al\/wp-json\/wp\/v2\/product_cat?post=34791"},{"taxonomy":"product_tag","embeddable":true,"href":"https:\/\/www.comoditahome.com\/al\/wp-json\/wp\/v2\/product_tag?post=34791"}],"curies":[{"name":"wp","href":"https:\/\/api.w.org\/{rel}","templated":true}]}}