 {"id":34797,"date":"2021-10-23T21:10:56","date_gmt":"2021-10-23T19:10:56","guid":{"rendered":"http:\/\/al.comoditahome.com\/?post_type=product&#038;p=34797"},"modified":"2026-04-09T11:54:48","modified_gmt":"2026-04-09T09:54:48","slug":"aromatizues-charm","status":"publish","type":"product","link":"https:\/\/www.comoditahome.com\/al\/product\/aromatizues-charm\/","title":{"rendered":"Aromatizues Charm"},"content":{"rendered":"","protected":false},"excerpt":{"rendered":"<p style=\"text-align: left;\">Aromatizuesi Charm \u00ebsht\u00eb i p\u00ebrkryer p\u00ebr krijimin e nj\u00eb ambienti t\u00eb k\u00ebndsh\u00ebm n\u00eb sht\u00ebpi q\u00eb d\u00ebfton arom\u00ebm e mir\u00eb. P\u00ebr nj\u00eb p\u00ebrdorim sa m\u00eb efikas, ndryshoni an\u00ebn e shkopinj\u00ebve. Vjen n\u00eb paketim t\u00eb p\u00ebrshtatsh\u00ebm edhe p\u00ebr dhurat\u00eb.<br \/>\n<strong>Dimensioni \/ Kompozicioni:<\/strong> 150ml<br \/>\n<strong>NGJYRA:<\/strong> Transparente<br \/>\n<strong>MATERIALI:<\/strong> Plastik\u00eb dhe xham<br \/>\n<strong>UDH\u00cbZIMET E P\u00cbRDORIMIT:<\/strong> T\u00eb pastrohet me pastruese pluhuri<br \/>\n<strong>KUSHTET E KTHIMIT \/ GARANCION:<\/strong> P\u00ebr k\u00ebt\u00eb produkt pranohet reklamacion brenda 24 or\u00ebve pasi t\u00eb pranoni porosin\u00eb.<\/p>\n","protected":false},"featured_media":34836,"template":"","meta":[],"product_cat":[75,49,51],"product_tag":[],"_links":{"self":[{"href":"https:\/\/www.comoditahome.com\/al\/wp-json\/wp\/v2\/product\/34797"}],"collection":[{"href":"https:\/\/www.comoditahome.com\/al\/wp-json\/wp\/v2\/product"}],"about":[{"href":"https:\/\/www.comoditahome.com\/al\/wp-json\/wp\/v2\/types\/product"}],"version-history":[{"count":0,"href":"https:\/\/www.comoditahome.com\/al\/wp-json\/wp\/v2\/product\/34797\/revisions"}],"wp:featuredmedia":[{"embeddable":true,"href":"https:\/\/www.comoditahome.com\/al\/wp-json\/wp\/v2\/media\/34836"}],"wp:attachment":[{"href":"https:\/\/www.comoditahome.com\/al\/wp-json\/wp\/v2\/media?parent=34797"}],"wp:term":[{"taxonomy":"product_cat","embeddable":true,"href":"https:\/\/www.comoditahome.com\/al\/wp-json\/wp\/v2\/product_cat?post=34797"},{"taxonomy":"product_tag","embeddable":true,"href":"https:\/\/www.comoditahome.com\/al\/wp-json\/wp\/v2\/product_tag?post=34797"}],"curies":[{"name":"wp","href":"https:\/\/api.w.org\/{rel}","templated":true}]}}