 {"id":34801,"date":"2021-10-23T21:10:56","date_gmt":"2021-10-23T19:10:56","guid":{"rendered":"http:\/\/al.comoditahome.com\/?post_type=product&#038;p=34801"},"modified":"2026-04-09T11:54:49","modified_gmt":"2026-04-09T09:54:49","slug":"luge-me-prerje-akacia","status":"publish","type":"product","link":"https:\/\/www.comoditahome.com\/al\/product\/luge-me-prerje-akacia\/","title":{"rendered":"Lug\u00eb me prerje Akacia"},"content":{"rendered":"","protected":false},"excerpt":{"rendered":"<p style=\"text-align: left;\">Luga Akacia dallohet p\u00ebr form\u00ebn artistike, trash\u00ebsin\u00eb dhe ngjyr\u00ebn natyrale t\u00eb drurit. P\u00ebrdoreni at\u00eb p\u00ebr t\u00eb p\u00ebrzier t\u00eb gjitha ushqimet q\u00eb t\u00eb mos keni ngjitje dhe q\u00eb procesi i gatimit t\u00eb jet\u00eb m\u00eb i shpejt\u00eb dhe kompakt.<br \/>\n<strong>Dimensioni \/ Kompozicioni:<\/strong> 30x7x2cm<br \/>\n<strong>NGJYRA:<\/strong>\u00a0Me dizajn<br \/>\n<strong>MATERIALI:<\/strong>\u00a0Dru<br \/>\n<strong>UDH\u00cbZIMET E P\u00cbRDORIMIT:<\/strong>\u00a0T\u00eb pastrohet me dor\u00eb<br \/>\n<strong>KUSHTET E KTHIMIT \/ GARANCION:<\/strong>\u00a0P\u00ebr k\u00ebt\u00eb produkt pranohet reklamacion brenda 24 or\u00ebve pasi t\u00eb pranoni porosin\u00eb.<\/p>\n<p><span style=\"color: #ffffff;\">3907489110107<\/span><\/p>\n","protected":false},"featured_media":34858,"template":"","meta":[],"product_cat":[183,55,59],"product_tag":[],"_links":{"self":[{"href":"https:\/\/www.comoditahome.com\/al\/wp-json\/wp\/v2\/product\/34801"}],"collection":[{"href":"https:\/\/www.comoditahome.com\/al\/wp-json\/wp\/v2\/product"}],"about":[{"href":"https:\/\/www.comoditahome.com\/al\/wp-json\/wp\/v2\/types\/product"}],"version-history":[{"count":1,"href":"https:\/\/www.comoditahome.com\/al\/wp-json\/wp\/v2\/product\/34801\/revisions"}],"predecessor-version":[{"id":71952,"href":"https:\/\/www.comoditahome.com\/al\/wp-json\/wp\/v2\/product\/34801\/revisions\/71952"}],"wp:featuredmedia":[{"embeddable":true,"href":"https:\/\/www.comoditahome.com\/al\/wp-json\/wp\/v2\/media\/34858"}],"wp:attachment":[{"href":"https:\/\/www.comoditahome.com\/al\/wp-json\/wp\/v2\/media?parent=34801"}],"wp:term":[{"taxonomy":"product_cat","embeddable":true,"href":"https:\/\/www.comoditahome.com\/al\/wp-json\/wp\/v2\/product_cat?post=34801"},{"taxonomy":"product_tag","embeddable":true,"href":"https:\/\/www.comoditahome.com\/al\/wp-json\/wp\/v2\/product_tag?post=34801"}],"curies":[{"name":"wp","href":"https:\/\/api.w.org\/{rel}","templated":true}]}}