 {"id":34810,"date":"2023-05-23T21:10:57","date_gmt":"2023-05-23T19:10:57","guid":{"rendered":"http:\/\/al.comoditahome.com\/?post_type=product&#038;p=34810"},"modified":"2026-04-23T09:00:13","modified_gmt":"2026-04-23T07:00:13","slug":"set-tenxheresh-belly-shape","status":"publish","type":"product","link":"https:\/\/www.comoditahome.com\/al\/product\/set-tenxheresh-belly-shape\/","title":{"rendered":"Set tenxheresh Belly Shape"},"content":{"rendered":"","protected":false},"excerpt":{"rendered":"<p style=\"text-align: left;\">Seti i tenxhereve Granitec Belly Shaped vjen me 6 pjes\u00eb dhe p\u00ebrtej kualitetit t\u00eb lart\u00eb q\u00eb prezanton, \u00ebsht\u00eb tejet funksional, praktik dhe i leht\u00eb p\u00ebr t\u2019u mir\u00ebmbajtur. Karakterizohet me nj\u00eb brend\u00ebsi shum\u00eb shtresore: p\u00ebrmban 4 shtresa mb\u00ebshtjell\u00ebse jo-ngjit\u00ebse dhe p\u00ebrforcim prej keramike p\u00ebr performanc\u00eb t\u00eb shk\u00eblqyeshme, material t\u00eb trash\u00eb prej alumini me shtres\u00eb mb\u00ebshtjell\u00ebse t\u00eb jashtme jo-ngjit\u00ebse p\u00ebr rezistenc\u00eb t\u00eb lart\u00eb ndaj njollave si dhe rezistenc\u00eb t\u00eb lart\u00eb ndaj g\u00ebrvishtjeve.<br \/>\n<strong>Dimensioni \/ Kompozicioni:<\/strong>\u00a0Seti ka 6 pjes\u00eb: 1x tenxhere 20cm, 1x tenxhere 24cm, 1x kapak 20cm, 1x kapak 24cm, 1x tigan grilli 28cm dhe 1x tigan t\u00eb rrumbullak\u00ebt 28cm.<br \/>\n<strong>NGJYRA:<\/strong>\u00a0E zez\u00eb<br \/>\n<strong>MATERIALI:<\/strong>\u00a0Gur\u00eb<br \/>\n<strong>UDH\u00cbZIMET E P\u00cbRDORIMIT:<\/strong>\u00a0T\u00eb pastrohet me dor\u00eb<br \/>\n<strong>KUSHTET E KTHIMIT \/ GARANCION:<\/strong> P\u00ebr k\u00ebt\u00eb produkt pranohet reklamacion brenda 24 or\u00ebve pasi t\u00eb pranoni porosin\u00eb.<\/p>\n<p><span style=\"color: #ffffff;\">3907489140593<\/span><\/p>\n<p>&nbsp;<\/p>\n","protected":false},"featured_media":34895,"template":"","meta":[],"product_cat":[56,55],"product_tag":[],"_links":{"self":[{"href":"https:\/\/www.comoditahome.com\/al\/wp-json\/wp\/v2\/product\/34810"}],"collection":[{"href":"https:\/\/www.comoditahome.com\/al\/wp-json\/wp\/v2\/product"}],"about":[{"href":"https:\/\/www.comoditahome.com\/al\/wp-json\/wp\/v2\/types\/product"}],"version-history":[{"count":1,"href":"https:\/\/www.comoditahome.com\/al\/wp-json\/wp\/v2\/product\/34810\/revisions"}],"predecessor-version":[{"id":67412,"href":"https:\/\/www.comoditahome.com\/al\/wp-json\/wp\/v2\/product\/34810\/revisions\/67412"}],"wp:featuredmedia":[{"embeddable":true,"href":"https:\/\/www.comoditahome.com\/al\/wp-json\/wp\/v2\/media\/34895"}],"wp:attachment":[{"href":"https:\/\/www.comoditahome.com\/al\/wp-json\/wp\/v2\/media?parent=34810"}],"wp:term":[{"taxonomy":"product_cat","embeddable":true,"href":"https:\/\/www.comoditahome.com\/al\/wp-json\/wp\/v2\/product_cat?post=34810"},{"taxonomy":"product_tag","embeddable":true,"href":"https:\/\/www.comoditahome.com\/al\/wp-json\/wp\/v2\/product_tag?post=34810"}],"curies":[{"name":"wp","href":"https:\/\/api.w.org\/{rel}","templated":true}]}}