 {"id":34812,"date":"2023-09-01T21:10:57","date_gmt":"2023-09-01T19:10:57","guid":{"rendered":"http:\/\/al.comoditahome.com\/?post_type=product&#038;p=34812"},"modified":"2026-04-23T09:00:13","modified_gmt":"2026-04-23T07:00:13","slug":"set-thikash-shade-2","status":"publish","type":"product","link":"https:\/\/www.comoditahome.com\/al\/product\/set-thikash-shade-2\/","title":{"rendered":"Set thikash Shade"},"content":{"rendered":"","protected":false},"excerpt":{"rendered":"<p style=\"text-align: left;\">Set thikash Shade vjen me dizajn modern dhe me thika q\u00eb shquhen p\u00ebr tehe t\u00eb mprehta, precizitet t\u00eb jasht\u00ebzakonsh\u00ebm gjat\u00eb prerjes dhe cil\u00ebsi t\u00eb lart\u00eb. Tehi i thikave \u00ebsht\u00eb jo-ngjit\u00ebs, dor\u00ebza e hekurt nd\u00ebrsa mbajt\u00ebsja p\u00ebr thika \u00ebsht\u00eb nga materiali dru-pish\u00eb.<br \/>\n<strong>Dimensioni \/ Kompozicioni:<\/strong>\u00a0Seti ka 7 pjes\u00eb; 6 thika, 1x mbajt\u00ebse druri<br \/>\n<strong>NGJYRA:<\/strong> Argjend<br \/>\n<strong>MATERIALI:<\/strong>\u00a0Hekur, dru<br \/>\n<strong>UDH\u00cbZIMET E P\u00cbRDORIMIT:<\/strong>\u00a0T\u00eb pastrohet me dor\u00eb<br \/>\n<strong>KUSHTET E KTHIMIT \/ GARANCION:<\/strong> P\u00ebr k\u00ebt\u00eb produkt pranohet reklamacion brenda 24 or\u00ebve pasi t\u00eb pranoni porosin\u00eb.<\/p>\n","protected":false},"featured_media":34909,"template":"","meta":[],"product_cat":[55,152,59,57],"product_tag":[],"_links":{"self":[{"href":"https:\/\/www.comoditahome.com\/al\/wp-json\/wp\/v2\/product\/34812"}],"collection":[{"href":"https:\/\/www.comoditahome.com\/al\/wp-json\/wp\/v2\/product"}],"about":[{"href":"https:\/\/www.comoditahome.com\/al\/wp-json\/wp\/v2\/types\/product"}],"version-history":[{"count":1,"href":"https:\/\/www.comoditahome.com\/al\/wp-json\/wp\/v2\/product\/34812\/revisions"}],"predecessor-version":[{"id":67264,"href":"https:\/\/www.comoditahome.com\/al\/wp-json\/wp\/v2\/product\/34812\/revisions\/67264"}],"wp:featuredmedia":[{"embeddable":true,"href":"https:\/\/www.comoditahome.com\/al\/wp-json\/wp\/v2\/media\/34909"}],"wp:attachment":[{"href":"https:\/\/www.comoditahome.com\/al\/wp-json\/wp\/v2\/media?parent=34812"}],"wp:term":[{"taxonomy":"product_cat","embeddable":true,"href":"https:\/\/www.comoditahome.com\/al\/wp-json\/wp\/v2\/product_cat?post=34812"},{"taxonomy":"product_tag","embeddable":true,"href":"https:\/\/www.comoditahome.com\/al\/wp-json\/wp\/v2\/product_tag?post=34812"}],"curies":[{"name":"wp","href":"https:\/\/api.w.org\/{rel}","templated":true}]}}