 {"id":34828,"date":"2021-10-23T21:11:18","date_gmt":"2021-10-23T19:11:18","guid":{"rendered":"http:\/\/al.comoditahome.com\/?post_type=product&#038;p=34828"},"modified":"2026-04-09T11:54:50","modified_gmt":"2026-04-09T09:54:50","slug":"tigani-i-thelle-per-skuqje-5ply-bond","status":"publish","type":"product","link":"https:\/\/www.comoditahome.com\/al\/product\/tigani-i-thelle-per-skuqje-5ply-bond\/","title":{"rendered":"Tigani i thell\u00eb p\u00ebr skuqje 5Ply Bond"},"content":{"rendered":"","protected":false},"excerpt":{"rendered":"<p style=\"text-align: left;\">Tigani i thell\u00eb p\u00ebr skuqje nga linja Bond vjen n\u00eb dy pjes\u00eb (tigan + kapak). P\u00ebrb\u00ebhet nga kombimini i tre shtresave alumin dhe dy qelik, q\u00eb e b\u00ebn en\u00ebn t\u00eb q\u00ebndrueshme nga lakimet. Ky tigan, krahas dizajnit elegant, mund t\u00eb duroj\u00eb temperatura t\u00eb larta gjat\u00eb gatimit dhe prap t\u00eb mos l\u00ebshoj kimikale, \u00e7ka garanton p\u00ebrdorimin e tyre t\u00eb shum\u00ebfisht\u00eb dhe t\u00eb vazhduesh\u00ebm. Ka nj\u00eb sip\u00ebrfaqe jo-poroze q\u00eb pastrohet leht\u00eb, duke i b\u00ebr\u00eb mjaft higjenike p\u00ebr t\u2019u p\u00ebrdorur.<br \/>\n<strong>Dimensioni \/ Kompozicioni:<\/strong>\u00a028x9cm<br \/>\n<strong>NGJYRA:<\/strong> Argjend<br \/>\n<strong>MATERIALI:<\/strong> \u00c7elik<br \/>\n<strong>UDH\u00cbZIMET E P\u00cbRDORIMIT:<\/strong>\u00a0T\u00eb pastrohet me dor\u00eb<br \/>\n<strong>KUSHTET E KTHIMIT \/ GARANCION:<\/strong> P\u00ebr k\u00ebt\u00eb produkt pranohet reklamacion brenda 24 or\u00ebve pasi t\u00eb pranoni porosin\u00eb.<\/p>\n","protected":false},"featured_media":34951,"template":"","meta":[],"product_cat":[56,55],"product_tag":[],"_links":{"self":[{"href":"https:\/\/www.comoditahome.com\/al\/wp-json\/wp\/v2\/product\/34828"}],"collection":[{"href":"https:\/\/www.comoditahome.com\/al\/wp-json\/wp\/v2\/product"}],"about":[{"href":"https:\/\/www.comoditahome.com\/al\/wp-json\/wp\/v2\/types\/product"}],"version-history":[{"count":0,"href":"https:\/\/www.comoditahome.com\/al\/wp-json\/wp\/v2\/product\/34828\/revisions"}],"wp:featuredmedia":[{"embeddable":true,"href":"https:\/\/www.comoditahome.com\/al\/wp-json\/wp\/v2\/media\/34951"}],"wp:attachment":[{"href":"https:\/\/www.comoditahome.com\/al\/wp-json\/wp\/v2\/media?parent=34828"}],"wp:term":[{"taxonomy":"product_cat","embeddable":true,"href":"https:\/\/www.comoditahome.com\/al\/wp-json\/wp\/v2\/product_cat?post=34828"},{"taxonomy":"product_tag","embeddable":true,"href":"https:\/\/www.comoditahome.com\/al\/wp-json\/wp\/v2\/product_tag?post=34828"}],"curies":[{"name":"wp","href":"https:\/\/api.w.org\/{rel}","templated":true}]}}