 {"id":34829,"date":"2021-10-23T21:11:18","date_gmt":"2021-10-23T19:11:18","guid":{"rendered":"http:\/\/al.comoditahome.com\/?post_type=product&#038;p=34829"},"modified":"2026-03-02T09:11:31","modified_gmt":"2026-03-02T07:11:31","slug":"kolltuk-chaise-lounge","status":"publish","type":"product","link":"https:\/\/www.comoditahome.com\/al\/product\/kolltuk-chaise-lounge\/","title":{"rendered":"Kolltuk Chaise Lounge"},"content":{"rendered":"","protected":false},"excerpt":{"rendered":"<p style=\"text-align: left;\">Kolltuku Chaise Lounge vjen me dizajn t\u00eb k\u00ebndsh\u00ebm q\u00eb i jep mb\u00ebshtetje t\u00eb p\u00ebrkryer trupit, kur q\u00ebndroni ulur apo t\u00eb shtrir\u00eb. I rafinuar n\u00eb nj\u00eb model tejet modern, ky kolltuk dedikohet p\u00ebr t\u00eb shtuar komoditetin dhe hijeshin n\u00eb ambientet e sht\u00ebpis\u00eb suaj. E t\u00ebr\u00eb sip\u00ebrfaqja \u00ebsht\u00eb e form\u00ebsuar n\u00eb nj\u00eb pamje elegante t\u00eb theksuar me nj\u00eb form\u00eb me nj\u00eb shtrirje ergonomike. \u00cbsht\u00eb i p\u00ebrshtatsh\u00ebm p\u00ebr dhom\u00ebn e ndenj\u00ebs, dhom\u00eb e gjumit apo zyr\u00ebn ku punoni. Pas nj\u00eb dite t\u00eb gjat\u00eb dhe t\u00eb lodhshme, ju do t\u00eb ndiheni t\u00eb \u00e7\u2019lodhur dhe rehat me komfortin q\u00eb gjithmon\u00eb e keni \u00ebnd\u00ebrruar.<br \/>\n<strong>Dimensioni \/ Kompozicioni:<\/strong>\u00a0140x62x36\/50cm<br \/>\n<strong>NGJYRA:<\/strong> Ngjyra mund t\u00eb jet\u00eb e llojllojshme<br \/>\n<strong>MATERIALI:<\/strong> Shpuz\u00eb poliuretane me mb\u00ebshtjell\u00ebs shtofi pambuku<br \/>\n<strong>UDH\u00cbZIMET E P\u00cbRDORIMIT:<\/strong>\u00a0T\u00eb pastrohet me dor\u00eb<br \/>\n<strong>KUSHTET E KTHIMIT \/ GARANCION:<\/strong> P\u00ebr k\u00ebt\u00eb produkt pranohet reklamacion brenda 24 or\u00ebve pasi t\u00eb pranoni porosin\u00eb.<br \/>\n<span style=\"color: #ffffff;\">5310233010543<\/span><\/p>\n","protected":false},"featured_media":34956,"template":"","meta":[],"product_cat":[49,96],"product_tag":[],"_links":{"self":[{"href":"https:\/\/www.comoditahome.com\/al\/wp-json\/wp\/v2\/product\/34829"}],"collection":[{"href":"https:\/\/www.comoditahome.com\/al\/wp-json\/wp\/v2\/product"}],"about":[{"href":"https:\/\/www.comoditahome.com\/al\/wp-json\/wp\/v2\/types\/product"}],"version-history":[{"count":0,"href":"https:\/\/www.comoditahome.com\/al\/wp-json\/wp\/v2\/product\/34829\/revisions"}],"wp:featuredmedia":[{"embeddable":true,"href":"https:\/\/www.comoditahome.com\/al\/wp-json\/wp\/v2\/media\/34956"}],"wp:attachment":[{"href":"https:\/\/www.comoditahome.com\/al\/wp-json\/wp\/v2\/media?parent=34829"}],"wp:term":[{"taxonomy":"product_cat","embeddable":true,"href":"https:\/\/www.comoditahome.com\/al\/wp-json\/wp\/v2\/product_cat?post=34829"},{"taxonomy":"product_tag","embeddable":true,"href":"https:\/\/www.comoditahome.com\/al\/wp-json\/wp\/v2\/product_tag?post=34829"}],"curies":[{"name":"wp","href":"https:\/\/api.w.org\/{rel}","templated":true}]}}