 {"id":34830,"date":"2021-10-23T21:11:18","date_gmt":"2021-10-23T19:11:18","guid":{"rendered":"http:\/\/al.comoditahome.com\/?post_type=product&#038;p=34830"},"modified":"2026-04-23T09:00:14","modified_gmt":"2026-04-23T07:00:14","slug":"stol","status":"publish","type":"product","link":"https:\/\/www.comoditahome.com\/al\/product\/stol\/","title":{"rendered":"Stol"},"content":{"rendered":"","protected":false},"excerpt":{"rendered":"<p style=\"text-align: left;\">I rafinuar n\u00eb nj\u00eb model tejet modern, ky stol dedikohet p\u00ebr t\u00eb shtuar komoditetin dhe hijeshin n\u00eb ambientet e sht\u00ebpis\u00eb suaj. \u00cbsht\u00eb i p\u00ebrshatsh\u00ebm p\u00ebr hap\u00ebsira t\u00eb ndryshme mobilimi (n\u00eb dhom\u00ebn tuaj t\u00eb gjumit, af\u00ebr setit t\u00eb ndenj\u00ebs n\u00eb dhom\u00ebn e dit\u00ebs, apo n\u00eb pjes\u00ebn e pritjes. T\u00ebr\u00eb ul\u00ebsja \u00ebsht\u00eb e veshur me shtof t\u00eb trash\u00eb t\u00eb kufizuar me vija t\u00eb bardha n\u00eb t\u00eb gjitha cepet. Stolin mund ta p\u00ebrdorni p\u00ebr t\u2019u ulur ose edhe si mb\u00ebshtet\u00ebs p\u00ebr k\u00ebmb\u00eb.<br \/>\n<strong>Dimensioni \/ Kompozicioni:<\/strong>\u00a050x45x45cm<br \/>\n<strong>NGJYRA:<\/strong> Ngjyra mund t\u00eb jet\u00eb e llojllojshme<br \/>\n<strong>MATERIALI:<\/strong> Shpuz\u00eb poliuretane me mb\u00ebshtjell\u00ebs shtofi pambuku<br \/>\n<strong>UDH\u00cbZIMET E P\u00cbRDORIMIT:<\/strong>\u00a0T\u00eb pastrohet me dor\u00eb<br \/>\n<strong>KUSHTET E KTHIMIT \/ GARANCION:<\/strong> P\u00ebr k\u00ebt\u00eb produkt pranohet reklamacion brenda 24 or\u00ebve pasi t\u00eb pranoni porosin\u00eb.<br \/>\n<span style=\"color: #ffffff;\">5310233010536<\/span><\/p>\n","protected":false},"featured_media":34960,"template":"","meta":[],"product_cat":[49,96],"product_tag":[],"_links":{"self":[{"href":"https:\/\/www.comoditahome.com\/al\/wp-json\/wp\/v2\/product\/34830"}],"collection":[{"href":"https:\/\/www.comoditahome.com\/al\/wp-json\/wp\/v2\/product"}],"about":[{"href":"https:\/\/www.comoditahome.com\/al\/wp-json\/wp\/v2\/types\/product"}],"version-history":[{"count":0,"href":"https:\/\/www.comoditahome.com\/al\/wp-json\/wp\/v2\/product\/34830\/revisions"}],"wp:featuredmedia":[{"embeddable":true,"href":"https:\/\/www.comoditahome.com\/al\/wp-json\/wp\/v2\/media\/34960"}],"wp:attachment":[{"href":"https:\/\/www.comoditahome.com\/al\/wp-json\/wp\/v2\/media?parent=34830"}],"wp:term":[{"taxonomy":"product_cat","embeddable":true,"href":"https:\/\/www.comoditahome.com\/al\/wp-json\/wp\/v2\/product_cat?post=34830"},{"taxonomy":"product_tag","embeddable":true,"href":"https:\/\/www.comoditahome.com\/al\/wp-json\/wp\/v2\/product_tag?post=34830"}],"curies":[{"name":"wp","href":"https:\/\/api.w.org\/{rel}","templated":true}]}}