 {"id":34831,"date":"2021-10-23T21:11:18","date_gmt":"2021-10-23T19:11:18","guid":{"rendered":"http:\/\/al.comoditahome.com\/?post_type=product&#038;p=34831"},"modified":"2026-03-02T09:11:31","modified_gmt":"2026-03-02T07:11:31","slug":"rainbow-air-m","status":"publish","type":"product","link":"https:\/\/www.comoditahome.com\/al\/product\/rainbow-air-m\/","title":{"rendered":"Rainbow air M"},"content":{"rendered":"","protected":false},"excerpt":{"rendered":"<p style=\"text-align: left;\">Rainbow Air M \u00ebsht\u00eb nj\u00eb lag\u00ebshtues ajri ultrasonik me 3 funksione n\u00eb nj\u00eb vend. Kjo pajisje rregullon lag\u00ebshtin\u00eb e ajrit (me rezervuar me 4 litra kapacitet), b\u00ebn\u00eb driqim gjat\u00eb nat\u00ebs me me 7 ngjyra LED q\u00eb t\u00eb zbukuroj\u00eb ambientet e sht\u00ebpis\u00eb suaj dhe shp\u00ebrndan arom\u00eb t\u00eb k\u00ebndshme. E p\u00ebrshtatshme p\u00ebr dhoma prej 40 met\u00ebr katror, por edhe p\u00ebr dhom\u00ebn e f\u00ebmij\u00ebs tuaj.<br \/>\n<strong>Dimensioni \/ Kompozicioni:<\/strong>\u00a0Plastik\u00eb dhe elektrik\u00eb<br \/>\n<strong>NGJYRA:<\/strong> E bardh\u00eb<br \/>\n<strong>MATERIALI:<\/strong> Plastik\u00eb, elektrik\u00eb<br \/>\n<strong>UDH\u00cbZIMET E P\u00cbRDORIMIT:<\/strong>\u00a0T\u00eb pastrohet me dor\u00eb<br \/>\n<strong>KUSHTET E KTHIMIT \/ GARANCION:<\/strong> P\u00ebr k\u00ebt\u00eb produkt pranohet reklamacion brenda 24 or\u00ebve pasi t\u00eb pranoni porosin\u00eb.<br \/>\n<span style=\"color: #ffffff;\">5310233006539<\/span><\/p>\n","protected":false},"featured_media":34964,"template":"","meta":[],"product_cat":[49,153],"product_tag":[],"_links":{"self":[{"href":"https:\/\/www.comoditahome.com\/al\/wp-json\/wp\/v2\/product\/34831"}],"collection":[{"href":"https:\/\/www.comoditahome.com\/al\/wp-json\/wp\/v2\/product"}],"about":[{"href":"https:\/\/www.comoditahome.com\/al\/wp-json\/wp\/v2\/types\/product"}],"version-history":[{"count":3,"href":"https:\/\/www.comoditahome.com\/al\/wp-json\/wp\/v2\/product\/34831\/revisions"}],"predecessor-version":[{"id":56645,"href":"https:\/\/www.comoditahome.com\/al\/wp-json\/wp\/v2\/product\/34831\/revisions\/56645"}],"wp:featuredmedia":[{"embeddable":true,"href":"https:\/\/www.comoditahome.com\/al\/wp-json\/wp\/v2\/media\/34964"}],"wp:attachment":[{"href":"https:\/\/www.comoditahome.com\/al\/wp-json\/wp\/v2\/media?parent=34831"}],"wp:term":[{"taxonomy":"product_cat","embeddable":true,"href":"https:\/\/www.comoditahome.com\/al\/wp-json\/wp\/v2\/product_cat?post=34831"},{"taxonomy":"product_tag","embeddable":true,"href":"https:\/\/www.comoditahome.com\/al\/wp-json\/wp\/v2\/product_tag?post=34831"}],"curies":[{"name":"wp","href":"https:\/\/api.w.org\/{rel}","templated":true}]}}