 {"id":34833,"date":"2024-10-23T21:11:18","date_gmt":"2024-10-23T19:11:18","guid":{"rendered":"http:\/\/al.comoditahome.com\/?post_type=product&#038;p=34833"},"modified":"2026-03-02T09:11:32","modified_gmt":"2026-03-02T07:11:32","slug":"cante-pikniku","status":"publish","type":"product","link":"https:\/\/www.comoditahome.com\/al\/product\/cante-pikniku\/","title":{"rendered":"\u00c7ant\u00eb pikniku"},"content":{"rendered":"","protected":false},"excerpt":{"rendered":"<p style=\"text-align: left;\">\u00c7ant\u00eb pikniku nga brendi Regent, me 30 elemente t\u00eb bashkangjitura n\u00eb t\u00eb, vjen me nj\u00eb stil unik, si qant\u00eb e shpin\u00ebs me ngjyr\u00eb t\u00eb zez\u00eb dhe me detaje ngjyr\u00eb kafe. Materiali dhe aksesor\u00ebt jan\u00eb n\u00eb p\u00ebrputhje me rregulloren e siguris\u00eb ushqimore. Me k\u00ebt\u00eb qant\u00eb, n\u00eb piknikun tuaj n\u00eb natyr\u00eb nuk do t\u00eb ju mungoj\u00eb asgj\u00eb.<br \/>\n<strong>Dimensioni \/ Kompozicioni:<\/strong>\u00a0\u00c7anta ka 30 elemente: 1x qilim 120x135cm rezistent ndaj ujit, 1x mbajt\u00ebse shishesh me zingjir, 4x lug\u00eb \u00e7eliku, 4x pirunj\u00eb \u00e7eliku, 4x thik\u00eb \u00e7eliku, 4x pjata porcelani, 4x gota vere, 4x peceta pambuku, 1x \u00e7el\u00ebs p\u00ebr hapjen e shisheve, 1x pjat\u00eb p\u00ebr prerje plastike, 2x mbajt\u00ebse p\u00ebr krip dhe piper.<br \/>\n<strong>NGJYRA:<\/strong> E kaft\u00eb<br \/>\n<strong>MATERIALI:<\/strong> Poliest\u00ebr, P\u00eblhur\u00eb liri nd\u00ebrsa aksesor\u00ebt: Plastik\u00eb, \u00e7elik, tekstil.<br \/>\n<strong>UDH\u00cbZIMET E P\u00cbRDORIMIT:<\/strong>\u00a0T\u00eb pastrohet me dor\u00eb<br \/>\n<strong>KUSHTET E KTHIMIT \/ GARANCION:<\/strong> P\u00ebr k\u00ebt\u00eb produkt pranohet reklamacion brenda 24 or\u00ebve pasi t\u00eb pranoni porosin\u00eb.<\/p>\n<p><span style=\"color: #ffffff;\">3907489130150<\/span><\/p>\n","protected":false},"featured_media":34977,"template":"","meta":[],"product_cat":[90,88],"product_tag":[],"_links":{"self":[{"href":"https:\/\/www.comoditahome.com\/al\/wp-json\/wp\/v2\/product\/34833"}],"collection":[{"href":"https:\/\/www.comoditahome.com\/al\/wp-json\/wp\/v2\/product"}],"about":[{"href":"https:\/\/www.comoditahome.com\/al\/wp-json\/wp\/v2\/types\/product"}],"version-history":[{"count":1,"href":"https:\/\/www.comoditahome.com\/al\/wp-json\/wp\/v2\/product\/34833\/revisions"}],"predecessor-version":[{"id":88399,"href":"https:\/\/www.comoditahome.com\/al\/wp-json\/wp\/v2\/product\/34833\/revisions\/88399"}],"wp:featuredmedia":[{"embeddable":true,"href":"https:\/\/www.comoditahome.com\/al\/wp-json\/wp\/v2\/media\/34977"}],"wp:attachment":[{"href":"https:\/\/www.comoditahome.com\/al\/wp-json\/wp\/v2\/media?parent=34833"}],"wp:term":[{"taxonomy":"product_cat","embeddable":true,"href":"https:\/\/www.comoditahome.com\/al\/wp-json\/wp\/v2\/product_cat?post=34833"},{"taxonomy":"product_tag","embeddable":true,"href":"https:\/\/www.comoditahome.com\/al\/wp-json\/wp\/v2\/product_tag?post=34833"}],"curies":[{"name":"wp","href":"https:\/\/api.w.org\/{rel}","templated":true}]}}