 {"id":34834,"date":"2024-10-01T21:11:18","date_gmt":"2024-10-01T19:11:18","guid":{"rendered":"http:\/\/al.comoditahome.com\/?post_type=product&#038;p=34834"},"modified":"2026-03-31T21:41:15","modified_gmt":"2026-03-31T19:41:15","slug":"set-lugesh-thikash-dhe-pirunjesh-quadro","status":"publish","type":"product","link":"https:\/\/www.comoditahome.com\/al\/product\/set-lugesh-thikash-dhe-pirunjesh-quadro\/","title":{"rendered":"Set lug\u00ebsh, thikash dhe pirunj\u00ebsh Quadro"},"content":{"rendered":"","protected":false},"excerpt":{"rendered":"<p style=\"text-align: left;\">Seti i lug\u00ebve Quadro vjen me nj\u00eb sip\u00ebrfaqe t\u00eb l\u00ebmuar dhe trash\u00ebsi optimale p\u00ebr p\u00ebrdorim praktik. Dizajni i thjesht\u00eb klasik me nj\u00eb pamje t\u00eb past\u00ebr elegante e b\u00ebn\u00eb q\u00eb t&#8217;i p\u00ebrshtatet secilit set t\u00eb pjatave leht\u00ebsisht.<br \/>\n<strong>Dimensioni \/ Kompozicioni:<\/strong>\u00a0Seti ka 36 pjes\u00eb: 6x lug\u00eb p\u00ebr sup\u00eb, 6x lug\u00eb t\u00eb mesme, 6x lug\u00eb t\u00eb vogla, 6x thika, 6x pirunj\u00eb p\u00ebr ushqim, 6x pirunj\u00eb p\u00ebr desert.<br \/>\n<strong>NGJYRA:<\/strong> Argjend<br \/>\n<strong>MATERIALI:<\/strong> \u00c7elik 18\/10<br \/>\n<strong>UDH\u00cbZIMET E P\u00cbRDORIMIT:<\/strong>\u00a0T\u00eb pastrohet me dor\u00eb<br \/>\n<strong>KUSHTET E KTHIMIT \/ GARANCION:<\/strong> P\u00ebr k\u00ebt\u00eb produkt pranohet reklamacion brenda 24 or\u00ebve pasi t\u00eb pranoni porosin\u00eb.<\/p>\n","protected":false},"featured_media":34982,"template":"","meta":[],"product_cat":[152,57],"product_tag":[],"_links":{"self":[{"href":"https:\/\/www.comoditahome.com\/al\/wp-json\/wp\/v2\/product\/34834"}],"collection":[{"href":"https:\/\/www.comoditahome.com\/al\/wp-json\/wp\/v2\/product"}],"about":[{"href":"https:\/\/www.comoditahome.com\/al\/wp-json\/wp\/v2\/types\/product"}],"version-history":[{"count":2,"href":"https:\/\/www.comoditahome.com\/al\/wp-json\/wp\/v2\/product\/34834\/revisions"}],"predecessor-version":[{"id":72366,"href":"https:\/\/www.comoditahome.com\/al\/wp-json\/wp\/v2\/product\/34834\/revisions\/72366"}],"wp:featuredmedia":[{"embeddable":true,"href":"https:\/\/www.comoditahome.com\/al\/wp-json\/wp\/v2\/media\/34982"}],"wp:attachment":[{"href":"https:\/\/www.comoditahome.com\/al\/wp-json\/wp\/v2\/media?parent=34834"}],"wp:term":[{"taxonomy":"product_cat","embeddable":true,"href":"https:\/\/www.comoditahome.com\/al\/wp-json\/wp\/v2\/product_cat?post=34834"},{"taxonomy":"product_tag","embeddable":true,"href":"https:\/\/www.comoditahome.com\/al\/wp-json\/wp\/v2\/product_tag?post=34834"}],"curies":[{"name":"wp","href":"https:\/\/api.w.org\/{rel}","templated":true}]}}