 {"id":34854,"date":"2023-05-23T21:11:40","date_gmt":"2023-05-23T19:11:40","guid":{"rendered":"http:\/\/al.comoditahome.com\/?post_type=product&#038;p=34854"},"modified":"2026-04-23T09:00:15","modified_gmt":"2026-04-23T07:00:15","slug":"set-tiganesh-granitec","status":"publish","type":"product","link":"https:\/\/www.comoditahome.com\/al\/product\/set-tiganesh-granitec\/","title":{"rendered":"Set tigan\u00ebsh Granitec"},"content":{"rendered":"","protected":false},"excerpt":{"rendered":"<p style=\"text-align: left;\">Seti i tigan\u00ebve Granitec vjen me 3 tigan\u00eb n\u00eb madh\u00ebsi t\u00eb ndryshme por me form\u00eb t\u00eb njejt\u00eb. P\u00ebrmbajtja e tyre \u00ebsht\u00eb nga 4 shtresa mb\u00ebshtjell\u00ebse jo-ngjit\u00ebse, q\u00eb e b\u00ebjn\u00eb t\u00ebr\u00eb sip\u00ebrfaqen t\u00eb jet\u00eb rezistente ndaj g\u00ebrvishtjeve duke dhuruar nj\u00eb performanc\u00eb t\u00eb shk\u00eblqyeshme. Me kualitetin e tyre t\u00eb pakrahasuesh\u00ebm, ju mund t\u2019I jepni nj\u00eb shije t\u00eb mrekullueshme ushqimit q\u00eb p\u00ebrgatisni.<br \/>\n<strong>Dimensioni \/ Kompozicioni:<\/strong>\u00a0Seti ka 3 pjes\u00eb: 1x tigan 20cm, 1x tigan 24cm, 1x tigan 28cm.<br \/>\n<strong>NGJYRA:<\/strong> E zez\u00eb<br \/>\n<strong>MATERIALI:<\/strong> Gur\u00eb<br \/>\n<strong>UDH\u00cbZIMET E P\u00cbRDORIMIT:<\/strong>\u00a0T\u00eb pastrohet me dor\u00eb<br \/>\n<strong>KUSHTET E KTHIMIT \/ GARANCION:<\/strong> P\u00ebr k\u00ebt\u00eb produkt pranohet reklamacion brenda 24 or\u00ebve pasi t\u00eb pranoni porosin\u00eb.<\/p>\n","protected":false},"featured_media":34995,"template":"","meta":[],"product_cat":[56,55],"product_tag":[],"_links":{"self":[{"href":"https:\/\/www.comoditahome.com\/al\/wp-json\/wp\/v2\/product\/34854"}],"collection":[{"href":"https:\/\/www.comoditahome.com\/al\/wp-json\/wp\/v2\/product"}],"about":[{"href":"https:\/\/www.comoditahome.com\/al\/wp-json\/wp\/v2\/types\/product"}],"version-history":[{"count":1,"href":"https:\/\/www.comoditahome.com\/al\/wp-json\/wp\/v2\/product\/34854\/revisions"}],"predecessor-version":[{"id":67415,"href":"https:\/\/www.comoditahome.com\/al\/wp-json\/wp\/v2\/product\/34854\/revisions\/67415"}],"wp:featuredmedia":[{"embeddable":true,"href":"https:\/\/www.comoditahome.com\/al\/wp-json\/wp\/v2\/media\/34995"}],"wp:attachment":[{"href":"https:\/\/www.comoditahome.com\/al\/wp-json\/wp\/v2\/media?parent=34854"}],"wp:term":[{"taxonomy":"product_cat","embeddable":true,"href":"https:\/\/www.comoditahome.com\/al\/wp-json\/wp\/v2\/product_cat?post=34854"},{"taxonomy":"product_tag","embeddable":true,"href":"https:\/\/www.comoditahome.com\/al\/wp-json\/wp\/v2\/product_tag?post=34854"}],"curies":[{"name":"wp","href":"https:\/\/api.w.org\/{rel}","templated":true}]}}