 {"id":34855,"date":"2021-10-23T21:11:41","date_gmt":"2021-10-23T19:11:41","guid":{"rendered":"http:\/\/al.comoditahome.com\/?post_type=product&#038;p=34855"},"modified":"2026-03-02T09:11:32","modified_gmt":"2026-03-02T07:11:32","slug":"tigan-hercules","status":"publish","type":"product","link":"https:\/\/www.comoditahome.com\/al\/product\/tigan-hercules\/","title":{"rendered":"Tigan Hercules"},"content":{"rendered":"","protected":false},"excerpt":{"rendered":"<p style=\"text-align: left;\">Tigani i linj\u00ebs Hercules, p\u00ebrb\u00ebhet nga shtresa 4mm e trash\u00eb e aluminit me veshje t\u00eb brendshme Artech Stone e cila \u00ebsht\u00eb jo ngjit\u00ebse dhe e p\u00ebrforcuar nga grimcat minerale dhe nj\u00eb dorez\u00eb bakelite me material \u00e7eliku inox. Me kualitetin e pakrahasuesh\u00ebm ju mund t\u2019I jepni nj\u00eb shije t\u00eb mrekullueshme ushqimit q\u00eb p\u00ebrgatisni<br \/>\n<strong>Dimensioni \/ Kompozicioni:<\/strong>\u00a024cm<br \/>\n<strong>NGJYRA:<\/strong> E zez\u00eb<br \/>\n<strong>MATERIALI:<\/strong> Gur\u00eb<br \/>\n<strong>UDH\u00cbZIMET E P\u00cbRDORIMIT:<\/strong>\u00a0T\u00eb pastrohet me dor\u00eb<br \/>\n<strong>KUSHTET E KTHIMIT \/ GARANCION:<\/strong> P\u00ebr k\u00ebt\u00eb produkt pranohet reklamacion brenda 24 or\u00ebve pasi t\u00eb pranoni porosin\u00eb.<\/p>\n","protected":false},"featured_media":34999,"template":"","meta":[],"product_cat":[56,55],"product_tag":[],"_links":{"self":[{"href":"https:\/\/www.comoditahome.com\/al\/wp-json\/wp\/v2\/product\/34855"}],"collection":[{"href":"https:\/\/www.comoditahome.com\/al\/wp-json\/wp\/v2\/product"}],"about":[{"href":"https:\/\/www.comoditahome.com\/al\/wp-json\/wp\/v2\/types\/product"}],"version-history":[{"count":0,"href":"https:\/\/www.comoditahome.com\/al\/wp-json\/wp\/v2\/product\/34855\/revisions"}],"wp:featuredmedia":[{"embeddable":true,"href":"https:\/\/www.comoditahome.com\/al\/wp-json\/wp\/v2\/media\/34999"}],"wp:attachment":[{"href":"https:\/\/www.comoditahome.com\/al\/wp-json\/wp\/v2\/media?parent=34855"}],"wp:term":[{"taxonomy":"product_cat","embeddable":true,"href":"https:\/\/www.comoditahome.com\/al\/wp-json\/wp\/v2\/product_cat?post=34855"},{"taxonomy":"product_tag","embeddable":true,"href":"https:\/\/www.comoditahome.com\/al\/wp-json\/wp\/v2\/product_tag?post=34855"}],"curies":[{"name":"wp","href":"https:\/\/api.w.org\/{rel}","templated":true}]}}