 {"id":34874,"date":"2021-10-23T21:12:03","date_gmt":"2021-10-23T19:12:03","guid":{"rendered":"http:\/\/al.comoditahome.com\/?post_type=product&#038;p=34874"},"modified":"2026-04-23T09:00:15","modified_gmt":"2026-04-23T07:00:15","slug":"batanije-double-plush-roze","status":"publish","type":"product","link":"https:\/\/www.comoditahome.com\/al\/product\/batanije-double-plush-roze\/","title":{"rendered":"Batanije Double Plush Roz\u00eb"},"content":{"rendered":"","protected":false},"excerpt":{"rendered":"<p style=\"text-align: left;\">Batanija dekorative Double Plush vjen me nj\u00eb material tejet kualitativ n\u00eb t\u00eb dy an\u00ebt, ku nj\u00ebra an\u00eb ka fije t\u00eb gjata mikrofibrash nd\u00ebrsa tjetra karakterizohet nga g\u00ebzofi i but\u00eb. Njihet mir\u00eb p\u00ebr bukurin\u00eb, q\u00ebndrueshm\u00ebrin\u00eb, dhe ndjenj\u00ebn prej kadifeje q\u00eb prezanton. Krijoni nj\u00eb hap\u00ebsir\u00eb t\u00eb ngroht\u00eb n\u00eb sht\u00ebpin\u00eb tuaj t\u00eb cil\u00ebn kurr\u00eb s\u2019do t\u00eb d\u00ebshironi ta lini.<br \/>\n<strong>Dimensioni \/ Kompozicioni:<\/strong>\u00a0150x200cm<br \/>\n<strong>NGJYRA:<\/strong>\u00a0Roz\u00eb<br \/>\n<strong>MATERIALI:<\/strong>\u00a0Pambuk me p\u00ebrb\u00ebrje fibrash<br \/>\n<strong>UDH\u00cbZIMET E P\u00cbRDORIMIT:<\/strong>\u00a0N\u00eb makin\u00eb lar\u00ebse 30\u00b0C<br \/>\n<strong>KUSHTET E KTHIMIT \/ GARANCION:<\/strong>\u00a0P\u00ebr shkak t\u00eb kontaktit me higjien\u00eb personale, p\u00ebr produktet e tekstilit nuk pranohen kthime apo reklamacione.<\/p>\n","protected":false},"featured_media":56393,"template":"","meta":[],"product_cat":[74,49,51],"product_tag":[],"_links":{"self":[{"href":"https:\/\/www.comoditahome.com\/al\/wp-json\/wp\/v2\/product\/34874"}],"collection":[{"href":"https:\/\/www.comoditahome.com\/al\/wp-json\/wp\/v2\/product"}],"about":[{"href":"https:\/\/www.comoditahome.com\/al\/wp-json\/wp\/v2\/types\/product"}],"version-history":[{"count":0,"href":"https:\/\/www.comoditahome.com\/al\/wp-json\/wp\/v2\/product\/34874\/revisions"}],"wp:featuredmedia":[{"embeddable":true,"href":"https:\/\/www.comoditahome.com\/al\/wp-json\/wp\/v2\/media\/56393"}],"wp:attachment":[{"href":"https:\/\/www.comoditahome.com\/al\/wp-json\/wp\/v2\/media?parent=34874"}],"wp:term":[{"taxonomy":"product_cat","embeddable":true,"href":"https:\/\/www.comoditahome.com\/al\/wp-json\/wp\/v2\/product_cat?post=34874"},{"taxonomy":"product_tag","embeddable":true,"href":"https:\/\/www.comoditahome.com\/al\/wp-json\/wp\/v2\/product_tag?post=34874"}],"curies":[{"name":"wp","href":"https:\/\/api.w.org\/{rel}","templated":true}]}}