 {"id":35042,"date":"2021-10-23T21:14:56","date_gmt":"2021-10-23T19:14:56","guid":{"rendered":"http:\/\/al.comoditahome.com\/?post_type=product&#038;p=35042"},"modified":"2026-03-02T09:11:32","modified_gmt":"2026-03-02T07:11:32","slug":"llambe-me-motive-afrikane-3","status":"publish","type":"product","link":"https:\/\/www.comoditahome.com\/al\/product\/llambe-me-motive-afrikane-3\/","title":{"rendered":"Llamb\u00eb me motive Afrikane"},"content":{"rendered":"","protected":false},"excerpt":{"rendered":"<p style=\"text-align: left;\">Llamba me motivet Afrikane vjen e punuar me nj\u00eb material kualitativ dhe dizajn tejet modern. Baza e saj form\u00ebsohet nga nj\u00eb skulptur\u00eb n\u00eb portret t\u00eb fytyr\u00ebs s\u00eb nj\u00eb gruaje, nd\u00ebrsa pjesa e sip\u00ebrme ka mekanizmin e llamb\u00ebs q\u00eb l\u00ebshon drit\u00eb t\u00eb k\u00ebndshme. Kjo llamb\u00eb shkon mjaft\u00eb bukur n\u00eb ambiente t\u00eb err\u00ebta por edhe n\u00eb ato me plot\u00eb drit\u00eb. Ajo \u00ebsht\u00eb e p\u00ebrshtatshme p\u00ebr \u00e7far\u00ebdo tavoline, duke plot\u00ebsuar dhom\u00ebn apo zyr\u00ebn tuaj.<br \/>\n<strong>Dimensioni \/ Kompozicioni:<\/strong> 50x24x24cm<br \/>\n<strong>NGJYRA:<\/strong> Me dizajn<br \/>\n<strong>MATERIALI:<\/strong> Porcelan, elektrik\u00eb, bez\u00eb<br \/>\n<strong>UDH\u00cbZIMET E P\u00cbRDORIMIT:<\/strong>\u00a0 T\u00eb pastrohet me pastruese pluhuri<br \/>\n<strong>KUSHTET E KTHIMIT \/ GARANCION:<\/strong> P\u00ebr k\u00ebt\u00eb produkt pranohet reklamacion brenda 24 or\u00ebve pasi t\u00eb pranoni porosin\u00eb.<br \/>\n<span style=\"color: #ffffff;\">3907489250919<\/span><\/p>\n","protected":false},"featured_media":35171,"template":"","meta":[],"product_cat":[49,51,77],"product_tag":[],"_links":{"self":[{"href":"https:\/\/www.comoditahome.com\/al\/wp-json\/wp\/v2\/product\/35042"}],"collection":[{"href":"https:\/\/www.comoditahome.com\/al\/wp-json\/wp\/v2\/product"}],"about":[{"href":"https:\/\/www.comoditahome.com\/al\/wp-json\/wp\/v2\/types\/product"}],"version-history":[{"count":0,"href":"https:\/\/www.comoditahome.com\/al\/wp-json\/wp\/v2\/product\/35042\/revisions"}],"wp:featuredmedia":[{"embeddable":true,"href":"https:\/\/www.comoditahome.com\/al\/wp-json\/wp\/v2\/media\/35171"}],"wp:attachment":[{"href":"https:\/\/www.comoditahome.com\/al\/wp-json\/wp\/v2\/media?parent=35042"}],"wp:term":[{"taxonomy":"product_cat","embeddable":true,"href":"https:\/\/www.comoditahome.com\/al\/wp-json\/wp\/v2\/product_cat?post=35042"},{"taxonomy":"product_tag","embeddable":true,"href":"https:\/\/www.comoditahome.com\/al\/wp-json\/wp\/v2\/product_tag?post=35042"}],"curies":[{"name":"wp","href":"https:\/\/api.w.org\/{rel}","templated":true}]}}