 {"id":35651,"date":"2022-05-15T13:16:48","date_gmt":"2022-05-15T11:16:48","guid":{"rendered":"https:\/\/ks.comoditahome.com\/al\/?post_type=product&#038;p=35651"},"modified":"2026-04-23T09:00:15","modified_gmt":"2026-04-23T07:00:15","slug":"set-filxhanesh-caji-folklore","status":"publish","type":"product","link":"https:\/\/www.comoditahome.com\/al\/product\/set-filxhanesh-caji-folklore\/","title":{"rendered":"Set filxhan\u00ebsh \u00e7aji folklore"},"content":{"rendered":"","protected":false},"excerpt":{"rendered":"<p style=\"text-align: left;\">Filxhan\u00ebt p\u00ebr servimin e \u00e7ajit Folklore jan\u00eb t\u00eb p\u00ebrkryer p\u00ebr servimin e \u00e7ajit, apo kafes\u00eb (n\u00ebse preferoni filxhan m\u00eb t\u00eb madh). N\u00eb set gjasht\u00eb filxhan\u00ebt vijn\u00eb me 6 dizajne t\u00eb ndryshme autentike t\u00eb bazuara n\u00eb motivet folklorike t\u00eb veshjeve tradicionale. K\u00ebta filxhan\u00eb kan\u00eb form\u00ebn e ve\u00e7ant\u00eb me k\u00ebnde t\u00eb rrumbullakosura, dhe mbajt\u00ebse praktike. Jan\u00eb t\u00eb p\u00ebrb\u00ebr\u00eb nga materiali i bone porcelanit cil\u00ebsor dhe shquhen p\u00ebr dizajnin special me motive t\u00eb kultur\u00ebs son\u00eb t\u00eb pikturuara me aq delikates\u00eb.<br \/>\n<strong>Dimensioni \/ Kompozicioni:<\/strong> 230ml, 12 pjes\u00eb: 6x filxhan\u00eb, 6x pjat\u00ebza<br \/>\n<strong>NGJYRA:<\/strong> Me dizajn<br \/>\n<strong>MATERIALI:<\/strong> Bone Porcelan<br \/>\n<strong>UDH\u00cbZIMET E P\u00cbRDORIMIT:<\/strong>\u00a0 T\u00eb pastrohet me dor\u00eb<br \/>\n<strong>KUSHTET E KTHIMIT \/ GARANCION:<\/strong> P\u00ebr k\u00ebt\u00eb produkt pranohet reklamacion brenda 24 or\u00ebve pasi t\u00eb pranoni porosin\u00eb.<\/p>\n","protected":false},"featured_media":35699,"template":"","meta":[],"product_cat":[55,157,156],"product_tag":[],"_links":{"self":[{"href":"https:\/\/www.comoditahome.com\/al\/wp-json\/wp\/v2\/product\/35651"}],"collection":[{"href":"https:\/\/www.comoditahome.com\/al\/wp-json\/wp\/v2\/product"}],"about":[{"href":"https:\/\/www.comoditahome.com\/al\/wp-json\/wp\/v2\/types\/product"}],"version-history":[{"count":1,"href":"https:\/\/www.comoditahome.com\/al\/wp-json\/wp\/v2\/product\/35651\/revisions"}],"predecessor-version":[{"id":69741,"href":"https:\/\/www.comoditahome.com\/al\/wp-json\/wp\/v2\/product\/35651\/revisions\/69741"}],"wp:featuredmedia":[{"embeddable":true,"href":"https:\/\/www.comoditahome.com\/al\/wp-json\/wp\/v2\/media\/35699"}],"wp:attachment":[{"href":"https:\/\/www.comoditahome.com\/al\/wp-json\/wp\/v2\/media?parent=35651"}],"wp:term":[{"taxonomy":"product_cat","embeddable":true,"href":"https:\/\/www.comoditahome.com\/al\/wp-json\/wp\/v2\/product_cat?post=35651"},{"taxonomy":"product_tag","embeddable":true,"href":"https:\/\/www.comoditahome.com\/al\/wp-json\/wp\/v2\/product_tag?post=35651"}],"curies":[{"name":"wp","href":"https:\/\/api.w.org\/{rel}","templated":true}]}}