 {"id":35652,"date":"2022-05-15T13:16:48","date_gmt":"2022-05-15T11:16:48","guid":{"rendered":"https:\/\/ks.comoditahome.com\/al\/?post_type=product&#038;p=35652"},"modified":"2026-04-23T09:00:16","modified_gmt":"2026-04-23T07:00:16","slug":"set-filxhanesh-kafeje-folklore","status":"publish","type":"product","link":"https:\/\/www.comoditahome.com\/al\/product\/set-filxhanesh-kafeje-folklore\/","title":{"rendered":"Set filxhan\u00ebsh kafeje folklore"},"content":{"rendered":"","protected":false},"excerpt":{"rendered":"<p style=\"text-align: left;\">Kafeja turke Princ dallohet p\u00ebr arom\u00ebn e g\u00ebrshetuar me ngjyr\u00eb dhe shije mahnit\u00ebse. K\u00ebsaj rradhe e gjeni t\u00eb veshur me paketimin madh\u00ebshtor, inspiruar nga veshjet tradicionale dhe kultura jon\u00eb aq e pasur. N\u00eb k\u00ebt\u00eb edicion unik t\u00eb prodhimit t\u00eb kafes\u00eb, n\u00eb \u00e7do gram q\u00eb ndodhet brenda paketimit do t\u00eb takoni kualitetin e jasht\u00ebzakonsh\u00ebm!<br \/>\n<strong>Dimensioni \/ Kompozicioni:<\/strong> 100ml, 12 pjes\u00eb: 6x filxhan\u00eb, 6x pjat\u00ebza<br \/>\n<strong>NGJYRA:<\/strong> Me dizajn<br \/>\n<strong>MATERIALI:<\/strong> Bone Porcelan<br \/>\n<strong>UDH\u00cbZIMET E P\u00cbRDORIMIT:<\/strong>\u00a0 T\u00eb pastrohet me dor\u00eb<br \/>\n<strong>KUSHTET E KTHIMIT \/ GARANCION:<\/strong> P\u00ebr k\u00ebt\u00eb produkt pranohet reklamacion brenda 24 or\u00ebve pasi t\u00eb pranoni porosin\u00eb.<\/p>\n","protected":false},"featured_media":35701,"template":"","meta":[],"product_cat":[55,157,156],"product_tag":[],"_links":{"self":[{"href":"https:\/\/www.comoditahome.com\/al\/wp-json\/wp\/v2\/product\/35652"}],"collection":[{"href":"https:\/\/www.comoditahome.com\/al\/wp-json\/wp\/v2\/product"}],"about":[{"href":"https:\/\/www.comoditahome.com\/al\/wp-json\/wp\/v2\/types\/product"}],"version-history":[{"count":1,"href":"https:\/\/www.comoditahome.com\/al\/wp-json\/wp\/v2\/product\/35652\/revisions"}],"predecessor-version":[{"id":69742,"href":"https:\/\/www.comoditahome.com\/al\/wp-json\/wp\/v2\/product\/35652\/revisions\/69742"}],"wp:featuredmedia":[{"embeddable":true,"href":"https:\/\/www.comoditahome.com\/al\/wp-json\/wp\/v2\/media\/35701"}],"wp:attachment":[{"href":"https:\/\/www.comoditahome.com\/al\/wp-json\/wp\/v2\/media?parent=35652"}],"wp:term":[{"taxonomy":"product_cat","embeddable":true,"href":"https:\/\/www.comoditahome.com\/al\/wp-json\/wp\/v2\/product_cat?post=35652"},{"taxonomy":"product_tag","embeddable":true,"href":"https:\/\/www.comoditahome.com\/al\/wp-json\/wp\/v2\/product_tag?post=35652"}],"curies":[{"name":"wp","href":"https:\/\/api.w.org\/{rel}","templated":true}]}}