 {"id":35653,"date":"2022-05-15T13:16:49","date_gmt":"2022-05-15T11:16:49","guid":{"rendered":"https:\/\/ks.comoditahome.com\/al\/?post_type=product&#038;p=35653"},"modified":"2026-05-07T09:34:10","modified_gmt":"2026-05-07T07:34:10","slug":"pako-prince-caffe-me-500gr-1-dhurata","status":"publish","type":"product","link":"https:\/\/www.comoditahome.com\/al\/product\/pako-prince-caffe-me-500gr-1-dhurata\/","title":{"rendered":"Pako PRINCE CAFFE me 500gr + 1 dhurat\u00eb"},"content":{"rendered":"","protected":false},"excerpt":{"rendered":"<div class=\"woocommerce-product-details__short-description\">\n<p style=\"text-align: left;\">Kafeja turke Princ dallohet p\u00ebr arom\u00ebn e g\u00ebrshetuar me ngjyr\u00eb dhe shije mahnit\u00ebse. K\u00ebsaj rradhe e gjeni t\u00eb veshur me paketimin madh\u00ebshtor, inspiruar nga veshjet tradicionale dhe kultura jon\u00eb aq e pasur. N\u00eb k\u00ebt\u00eb edicion unik t\u00eb prodhimit t\u00eb kafes\u00eb, n\u00eb \u00e7do gram q\u00eb ndodhet brenda paketimit do t\u00eb takoni kualitetin e jasht\u00ebzakonsh\u00ebm!<\/p>\n<p style=\"text-align: left;\"><strong>Dimensioni \/ Kompozicioni:<\/strong> Set me 4 pjes\u00eb: 3x pako kafeje Prince. 2x200gr, 1x 100gr dhe 1x filxhan me logo Prince.<\/p>\n<p style=\"text-align: left;\"><strong>NGJYRA:<\/strong> Me dizajn<\/p>\n<p style=\"text-align: left;\"><strong>P\u00cbRMBAJTJA:<\/strong> Kafe, Procelan<\/p>\n<p style=\"text-align: left;\"><strong>UDH\u00cbZIMET E P\u00cbRDORIMIT:<\/strong>\u00a0 T\u00eb q\u00ebndroj n\u00eb ambient t\u00eb mbrojtur nga lag\u00ebshtia<\/p>\n<p style=\"text-align: left;\"><strong>KUSHTET E KTHIMIT \/ GARANCION:<\/strong> P\u00ebr k\u00ebt\u00eb produkt pranohet reklamacion brenda 24 or\u00ebve pasi t\u00eb pranoni porosin\u00eb.<\/p>\n<p style=\"text-align: left;\"><span style=\"color: #ffffff;\">3904750910626<\/span><\/p>\n<\/div>\n","protected":false},"featured_media":71648,"template":"","meta":[],"product_cat":[183,156,157],"product_tag":[],"_links":{"self":[{"href":"https:\/\/www.comoditahome.com\/al\/wp-json\/wp\/v2\/product\/35653"}],"collection":[{"href":"https:\/\/www.comoditahome.com\/al\/wp-json\/wp\/v2\/product"}],"about":[{"href":"https:\/\/www.comoditahome.com\/al\/wp-json\/wp\/v2\/types\/product"}],"version-history":[{"count":3,"href":"https:\/\/www.comoditahome.com\/al\/wp-json\/wp\/v2\/product\/35653\/revisions"}],"predecessor-version":[{"id":71647,"href":"https:\/\/www.comoditahome.com\/al\/wp-json\/wp\/v2\/product\/35653\/revisions\/71647"}],"wp:featuredmedia":[{"embeddable":true,"href":"https:\/\/www.comoditahome.com\/al\/wp-json\/wp\/v2\/media\/71648"}],"wp:attachment":[{"href":"https:\/\/www.comoditahome.com\/al\/wp-json\/wp\/v2\/media?parent=35653"}],"wp:term":[{"taxonomy":"product_cat","embeddable":true,"href":"https:\/\/www.comoditahome.com\/al\/wp-json\/wp\/v2\/product_cat?post=35653"},{"taxonomy":"product_tag","embeddable":true,"href":"https:\/\/www.comoditahome.com\/al\/wp-json\/wp\/v2\/product_tag?post=35653"}],"curies":[{"name":"wp","href":"https:\/\/api.w.org\/{rel}","templated":true}]}}