 {"id":35806,"date":"2022-05-15T13:30:31","date_gmt":"2022-05-15T11:30:31","guid":{"rendered":"https:\/\/ks.comoditahome.com\/al\/?post_type=product&#038;p=35806"},"modified":"2026-03-02T09:11:33","modified_gmt":"2026-03-02T07:11:33","slug":"llambe-dhome-5","status":"publish","type":"product","link":"https:\/\/www.comoditahome.com\/al\/product\/llambe-dhome-5\/","title":{"rendered":"Llamb\u00eb dhome"},"content":{"rendered":"","protected":false},"excerpt":{"rendered":"<p style=\"text-align: left;\">Llamba vjen e punuar me nj\u00eb material kualitativ dhe dizajn tejet modern. Baza e saj form\u00ebsohet nga nj\u00eb spirale hekuri unike e stilit bohem, nd\u00ebrsa pjesa e sip\u00ebrme ka mekanizmin e llamb\u00ebs q\u00eb l\u00ebshon drit\u00eb t\u00eb k\u00ebndshme. Llamba \u00ebsht\u00eb e p\u00ebrshtatshme p\u00ebr \u00e7far\u00ebdo ambienti, duke plot\u00ebsuar dhom\u00ebn apo zyr\u00ebn tuaj.<br \/>\n<strong>Dimensioni \/ Kompozicioni:<\/strong> 45x165CM<br \/>\n<strong>NGJYRA:<\/strong> E kalt\u00ebr, ari<br \/>\n<strong>MATERIALI:<\/strong> Hekur, elektrik\u00eb, bez\u00eb<br \/>\n<strong>UDH\u00cbZIMET E P\u00cbRDORIMIT:<\/strong>\u00a0T\u00eb pastrohet me dor\u00eb<br \/>\n<strong>KUSHTET E KTHIMIT \/ GARANCION:<\/strong> P\u00ebr k\u00ebt\u00eb produkt pranohet reklamacion brenda 24 or\u00ebve pasi t\u00eb pranoni porosin\u00eb.<br \/>\n<span style=\"color: #ffffff;\">3907489260727<\/span><\/p>\n","protected":false},"featured_media":0,"template":"","meta":[],"product_cat":[49,51,77],"product_tag":[],"_links":{"self":[{"href":"https:\/\/www.comoditahome.com\/al\/wp-json\/wp\/v2\/product\/35806"}],"collection":[{"href":"https:\/\/www.comoditahome.com\/al\/wp-json\/wp\/v2\/product"}],"about":[{"href":"https:\/\/www.comoditahome.com\/al\/wp-json\/wp\/v2\/types\/product"}],"version-history":[{"count":0,"href":"https:\/\/www.comoditahome.com\/al\/wp-json\/wp\/v2\/product\/35806\/revisions"}],"wp:attachment":[{"href":"https:\/\/www.comoditahome.com\/al\/wp-json\/wp\/v2\/media?parent=35806"}],"wp:term":[{"taxonomy":"product_cat","embeddable":true,"href":"https:\/\/www.comoditahome.com\/al\/wp-json\/wp\/v2\/product_cat?post=35806"},{"taxonomy":"product_tag","embeddable":true,"href":"https:\/\/www.comoditahome.com\/al\/wp-json\/wp\/v2\/product_tag?post=35806"}],"curies":[{"name":"wp","href":"https:\/\/api.w.org\/{rel}","templated":true}]}}