 {"id":35814,"date":"2022-05-15T13:38:51","date_gmt":"2022-05-15T11:38:51","guid":{"rendered":"https:\/\/ks.comoditahome.com\/al\/?post_type=product&#038;p=35814"},"modified":"2026-05-07T09:34:13","modified_gmt":"2026-05-07T07:34:13","slug":"mbishtrese-naptic","status":"publish","type":"product","link":"https:\/\/www.comoditahome.com\/al\/product\/mbishtrese-naptic\/","title":{"rendered":"Mbishtres\u00eb Naptic"},"content":{"rendered":"","protected":false},"excerpt":{"rendered":"<p style=\"text-align: left;\">Naptic topper vjen si dyzim I dy llojeve t\u00eb shkum\u00ebs me trash\u00ebsi prej 9cm, I dizajnuar p\u00ebr t\u00eb ofruar nj\u00eb sip\u00ebrfaqe t\u00eb rehatshme gjumi me ekstra mb\u00ebshtetje. \u00cbsht\u00eb e mb\u00ebshjellur me tekstur\u00eb t\u00eb punuar nga mikrofibrat, duke mund\u00ebsuar p\u00ebrmisimin e frym\u00ebmarrjes s\u00eb shtres\u00ebs p\u00ebr t\u00eb sjell k\u00ebshtu nj\u00eb mbjedis t\u00eb sh\u00ebndetsh\u00ebm pa bakterje.<\/p>\n<p style=\"text-align: left;\">I p\u00ebrb\u00ebr\u00eb nga 3 shtresa, kjo mbishtres\u00eb p\u00ebrmison q\u00ebndrimin tuaj, ofron ambient t\u00eb sh\u00ebndetsh\u00ebm antimikrobik dhe rezistent ndaj marimangave t\u00eb pluhurit, dhe ka nj\u00eb mb\u00ebshtjell\u00ebs me rrjet\u00eb ajri Air Mesh p\u00ebr nj\u00eb freski t\u00eb vazhdueshme. K\u00ebto an\u00eb ndihmojn\u00eb p\u00ebr t\u00eb hequr ajrin e lag\u00ebsht nga dysheku dhe p\u00ebr t\u00eb futur n\u00eb aj\u00ebr t\u00eb past\u00ebr, duke rritur qarkullimin e ajrit n\u00eb m\u00ebnyr\u00eb t\u00eb q\u00ebndrueshme n\u00eb t\u00eb gjith\u00eb dyshekun Flini rehat n\u00eb temperatur\u00ebn e duhur.<br \/>\n<strong>Dimensioni \/ Kompozicioni:<\/strong> 190x90cm, 190x160cm, 200x90cm, 200x160cm.<br \/>\n<strong>NGJYRA:<\/strong> Bardh\u00eb, I bardh\u00eb<br \/>\n<strong>MATERIALI:<\/strong> P\u00ebrzierje shkume Memory me Polietane<br \/>\n<strong>UDH\u00cbZIMET E P\u00cbRDORIMIT:<\/strong>\u00a0Nuk pastrohet, vet\u00ebm ajroset.<br \/>\n<strong>KUSHTET E KTHIMIT \/ GARANCION:<\/strong> P\u00ebr shkak t\u00eb kontaktit me higjien\u00eb personale, p\u00ebr produktet e tekstilit nuk pranohen kthime apo reklamacion.<\/p>\n","protected":false},"featured_media":35991,"template":"","meta":[],"product_cat":[51,86],"product_tag":[],"_links":{"self":[{"href":"https:\/\/www.comoditahome.com\/al\/wp-json\/wp\/v2\/product\/35814"}],"collection":[{"href":"https:\/\/www.comoditahome.com\/al\/wp-json\/wp\/v2\/product"}],"about":[{"href":"https:\/\/www.comoditahome.com\/al\/wp-json\/wp\/v2\/types\/product"}],"version-history":[{"count":2,"href":"https:\/\/www.comoditahome.com\/al\/wp-json\/wp\/v2\/product\/35814\/revisions"}],"predecessor-version":[{"id":67419,"href":"https:\/\/www.comoditahome.com\/al\/wp-json\/wp\/v2\/product\/35814\/revisions\/67419"}],"wp:featuredmedia":[{"embeddable":true,"href":"https:\/\/www.comoditahome.com\/al\/wp-json\/wp\/v2\/media\/35991"}],"wp:attachment":[{"href":"https:\/\/www.comoditahome.com\/al\/wp-json\/wp\/v2\/media?parent=35814"}],"wp:term":[{"taxonomy":"product_cat","embeddable":true,"href":"https:\/\/www.comoditahome.com\/al\/wp-json\/wp\/v2\/product_cat?post=35814"},{"taxonomy":"product_tag","embeddable":true,"href":"https:\/\/www.comoditahome.com\/al\/wp-json\/wp\/v2\/product_tag?post=35814"}],"curies":[{"name":"wp","href":"https:\/\/api.w.org\/{rel}","templated":true}]}}