 {"id":36000,"date":"2022-05-19T14:02:15","date_gmt":"2022-05-19T12:02:15","guid":{"rendered":"https:\/\/ks.comoditahome.com\/al\/?post_type=product&#038;p=36000"},"modified":"2026-05-13T23:12:37","modified_gmt":"2026-05-13T21:12:37","slug":"jastek-klasik-silver-2","status":"publish","type":"product","link":"https:\/\/www.comoditahome.com\/al\/product\/jastek-klasik-silver-2\/","title":{"rendered":"Jast\u00ebk Silver\/Gold"},"content":{"rendered":"","protected":false},"excerpt":{"rendered":"<p style=\"text-align: left;\">Jast\u00ebku klasik Silver\/Gold \u00ebsht\u00eb i mbushur me shkum\u00eb Memory t\u00eb cop\u00ebzuar dhe i qepur me nj\u00eb mb\u00ebshtjell\u00ebs me fibra argjendi\/floriri q\u00eb e b\u00ebjn\u00eb natyrsh\u00ebm antimikrobik dhe rezistent ndaj insekteve t\u00eb pluhurit. Jast\u00ebku ka aft\u00ebsi vet\u00eb-formuese dhe i adaptohet tipareve tuaja fizike. \u00cbsht\u00eb i mbushur mjaftuesh\u00ebm p\u00ebr t\u00eb siguruar q\u00ebndrueshm\u00ebri duke mos lejuar q\u00eb sip\u00ebrfaqja t\u00eb sheshohet kur ndryshohet pozita e fjetjes. Jast\u00ebku \u00ebsht\u00eb dizajnuar edhe p\u00ebr ata persona q\u00eb p\u00eblqejn\u00eb t\u00eb flejn\u00eb anash, duke mb\u00ebshtetur qaf\u00ebn dhe lejuar shtyll\u00ebn tuaj t\u00eb q\u00ebndroj drejt\u00eb.<\/p>\n<p style=\"text-align: left;\"><strong>Dimensioni \/ Kompozicioni:<\/strong> 50x70cm<\/p>\n<p style=\"text-align: left;\"><strong>NGJYRA:<\/strong> Me dizajn<\/p>\n<p style=\"text-align: left;\"><strong>MATERIALI:<\/strong> Kombinim i shkum\u00ebs Memory dhe poliuretane<\/p>\n<p style=\"text-align: left;\"><strong>UDH\u00cbZIMET E P\u00cbRDORIMIT:<\/strong> Nuk pastrohet, vet\u00ebm ajroset.<\/p>\n<p style=\"text-align: left;\"><strong>KUSHTET E KTHIMIT \/ GARANCION:<\/strong> P\u00ebr shkak t\u00eb kontaktit me higjien\u00eb personale, p\u00ebr produktet e tekstilit nuk pranohen kthime apo reklamacione.<\/p>\n","protected":false},"featured_media":32957,"template":"","meta":[],"product_cat":[183,51,76],"product_tag":[],"_links":{"self":[{"href":"https:\/\/www.comoditahome.com\/al\/wp-json\/wp\/v2\/product\/36000"}],"collection":[{"href":"https:\/\/www.comoditahome.com\/al\/wp-json\/wp\/v2\/product"}],"about":[{"href":"https:\/\/www.comoditahome.com\/al\/wp-json\/wp\/v2\/types\/product"}],"version-history":[{"count":2,"href":"https:\/\/www.comoditahome.com\/al\/wp-json\/wp\/v2\/product\/36000\/revisions"}],"predecessor-version":[{"id":75609,"href":"https:\/\/www.comoditahome.com\/al\/wp-json\/wp\/v2\/product\/36000\/revisions\/75609"}],"wp:featuredmedia":[{"embeddable":true,"href":"https:\/\/www.comoditahome.com\/al\/wp-json\/wp\/v2\/media\/32957"}],"wp:attachment":[{"href":"https:\/\/www.comoditahome.com\/al\/wp-json\/wp\/v2\/media?parent=36000"}],"wp:term":[{"taxonomy":"product_cat","embeddable":true,"href":"https:\/\/www.comoditahome.com\/al\/wp-json\/wp\/v2\/product_cat?post=36000"},{"taxonomy":"product_tag","embeddable":true,"href":"https:\/\/www.comoditahome.com\/al\/wp-json\/wp\/v2\/product_tag?post=36000"}],"curies":[{"name":"wp","href":"https:\/\/api.w.org\/{rel}","templated":true}]}}