 {"id":36199,"date":"2023-11-02T11:30:37","date_gmt":"2023-11-02T09:30:37","guid":{"rendered":"https:\/\/www.comoditahome.com\/al\/?post_type=product&#038;p=36199"},"modified":"2026-05-07T09:34:11","modified_gmt":"2026-05-07T07:34:11","slug":"dyshek-dopio-190x90cm","status":"publish","type":"product","link":"https:\/\/www.comoditahome.com\/al\/product\/dyshek-dopio-190x90cm\/","title":{"rendered":"Dyshek Dopio 190x90cm"},"content":{"rendered":"","protected":false},"excerpt":{"rendered":"<p style=\"text-align: left;\">Dysheku Dopio \u00ebsht\u00eb me trash\u00ebsi prej 22cm dhe njihet si dyshek i fort\u00eb. Fort\u00ebsia e tij do t\u00eb ndihmoj eshtrat e trupit t\u00eb pozicionohen drejt\u00eb dhe lirimin e muskujve, lejon relaksimin e arterieve dhe ven\u00ebve, derisa mund\u00ebson edhe qarkullimin e gjakut. Dysheku ka struktur\u00ebn e nd\u00ebrtuar nga dy shtresa shkume poliuretane me dend\u00ebsi t\u00eb ndryshme, nj\u00ebra m\u00eb e fort\u00eb p\u00ebr t\u00eb krijuar stabilitet nd\u00ebrsa tjetra m\u00eb e but\u00eb p\u00ebr t&#8217;ju p\u00ebrshtatur trupit. Dopio ofron stabilitet dhe mb\u00ebshtetje p\u00ebr persona q\u00eb kan\u00eb dhimbje shpine duke i ndihmuar t\u00eb flejn\u00eb n\u00eb pozicionin e duhur. Dysheku ka edhe an\u00ebsoret Airmesh, q\u00eb ofrojn\u00eb nj\u00eb ajrosje optimale duke larguar ajrin e lag\u00ebsht dhe futur ajrin e fresk\u00ebt brenda p\u00ebr t\u00eb rritur qarkullimin e ajrit vazhdimisht. I disponuesh\u00ebm n\u00eb dimensione standarde dhe jo-standarde<\/p>\n<p style=\"text-align: left;\"><strong>Dimensioni \/ Kompozicioni:<\/strong> 190x90cm<\/p>\n<p style=\"text-align: left;\"><strong>NGJYRA:<\/strong> Me dizajn<\/p>\n<p style=\"text-align: left;\"><strong>MATERIALI:<\/strong> Shpuz\u00eb poliuretane me mb\u00ebshtjell\u00ebs pambuku<\/p>\n<p style=\"text-align: left;\"><strong>UDH\u00cbZIMET E P\u00cbRDORIMIT:<\/strong> Dysheku vjen n\u00eb paketim t\u00eb vakumuar i mb\u00ebshtjellur n\u00eb m\u00ebnyr\u00eb hermetike. Pas hapjes, ai merr form\u00ebn brenda 10-20 minutave, por nuk duhet t\u00eb p\u00ebrdoret s\u00eb paku p\u00ebr 24 or\u00ebt e ardhshme. Dysheku nuk duhet t\u00eb ket\u00eb kontakt me ujin.<\/p>\n<p style=\"text-align: left;\"><strong>KUSHTET E KTHIMIT \/ GARANCION:<\/strong> Garancion 2 vit<\/p>\n","protected":false},"featured_media":74410,"template":"","meta":[],"product_cat":[82,72,194],"product_tag":[],"_links":{"self":[{"href":"https:\/\/www.comoditahome.com\/al\/wp-json\/wp\/v2\/product\/36199"}],"collection":[{"href":"https:\/\/www.comoditahome.com\/al\/wp-json\/wp\/v2\/product"}],"about":[{"href":"https:\/\/www.comoditahome.com\/al\/wp-json\/wp\/v2\/types\/product"}],"version-history":[{"count":23,"href":"https:\/\/www.comoditahome.com\/al\/wp-json\/wp\/v2\/product\/36199\/revisions"}],"predecessor-version":[{"id":87588,"href":"https:\/\/www.comoditahome.com\/al\/wp-json\/wp\/v2\/product\/36199\/revisions\/87588"}],"wp:featuredmedia":[{"embeddable":true,"href":"https:\/\/www.comoditahome.com\/al\/wp-json\/wp\/v2\/media\/74410"}],"wp:attachment":[{"href":"https:\/\/www.comoditahome.com\/al\/wp-json\/wp\/v2\/media?parent=36199"}],"wp:term":[{"taxonomy":"product_cat","embeddable":true,"href":"https:\/\/www.comoditahome.com\/al\/wp-json\/wp\/v2\/product_cat?post=36199"},{"taxonomy":"product_tag","embeddable":true,"href":"https:\/\/www.comoditahome.com\/al\/wp-json\/wp\/v2\/product_tag?post=36199"}],"curies":[{"name":"wp","href":"https:\/\/api.w.org\/{rel}","templated":true}]}}