 {"id":36270,"date":"2022-06-03T10:22:50","date_gmt":"2022-06-03T08:22:50","guid":{"rendered":"https:\/\/www.comoditahome.com\/al\/?post_type=product&#038;p=36270"},"modified":"2026-04-23T09:00:19","modified_gmt":"2026-04-23T07:00:19","slug":"set-gotash-per-lengje-splendour","status":"publish","type":"product","link":"https:\/\/www.comoditahome.com\/al\/product\/set-gotash-per-lengje-splendour\/","title":{"rendered":"Set gotash p\u00ebr l\u00ebngje Splendour"},"content":{"rendered":"","protected":false},"excerpt":{"rendered":"<p style=\"text-align: left;\">Set i gotave p\u00ebr l\u00ebngje Splendour p\u00ebrb\u00ebhet nga 6 copa dhe vjen n\u00eb form\u00eb klasike dhe me ngjyr\u00eb transparente. P\u00ebrb\u00ebhet nga materiali i qelqit t\u00eb past\u00ebri past\u00ebr, q\u00eb njihet p\u00ebr q\u00ebndrueshm\u00ebri t\u00eb lart\u00eb ndaj thyerjes apo krisjes. L\u00ebngjet tuaja t\u00eb preferuara, lezeq\u00ebm pihen nga kjo got\u00eb.<br \/>\n<strong>Dimensioni \/ Kompozicioni:<\/strong> Seti ka 6 cop\u00eb.<br \/>\n<strong>NGJYRA:<\/strong> Transparente<br \/>\n<strong>MATERIALI:<\/strong> Xham<br \/>\n<strong>UDH\u00cbZIMET E P\u00cbRDORIMIT:<\/strong> T\u00eb pastrohet me Dor\u00eb<br \/>\n<strong>KUSHTET E KTHIMIT \/ GARANCION:<\/strong> P\u00ebr k\u00ebt\u00eb produkt pranohet reklamacion brenda 24 or\u00ebve pasi t\u00eb pranoni porosin\u00eb.<\/p>\n<p><span style=\"color: #ffffff;\">5900345789415<\/span><\/p>\n","protected":false},"featured_media":36307,"template":"","meta":[],"product_cat":[95,57],"product_tag":[],"_links":{"self":[{"href":"https:\/\/www.comoditahome.com\/al\/wp-json\/wp\/v2\/product\/36270"}],"collection":[{"href":"https:\/\/www.comoditahome.com\/al\/wp-json\/wp\/v2\/product"}],"about":[{"href":"https:\/\/www.comoditahome.com\/al\/wp-json\/wp\/v2\/types\/product"}],"version-history":[{"count":1,"href":"https:\/\/www.comoditahome.com\/al\/wp-json\/wp\/v2\/product\/36270\/revisions"}],"predecessor-version":[{"id":69087,"href":"https:\/\/www.comoditahome.com\/al\/wp-json\/wp\/v2\/product\/36270\/revisions\/69087"}],"wp:featuredmedia":[{"embeddable":true,"href":"https:\/\/www.comoditahome.com\/al\/wp-json\/wp\/v2\/media\/36307"}],"wp:attachment":[{"href":"https:\/\/www.comoditahome.com\/al\/wp-json\/wp\/v2\/media?parent=36270"}],"wp:term":[{"taxonomy":"product_cat","embeddable":true,"href":"https:\/\/www.comoditahome.com\/al\/wp-json\/wp\/v2\/product_cat?post=36270"},{"taxonomy":"product_tag","embeddable":true,"href":"https:\/\/www.comoditahome.com\/al\/wp-json\/wp\/v2\/product_tag?post=36270"}],"curies":[{"name":"wp","href":"https:\/\/api.w.org\/{rel}","templated":true}]}}