 {"id":36279,"date":"2022-06-03T10:22:51","date_gmt":"2022-06-03T08:22:51","guid":{"rendered":"https:\/\/www.comoditahome.com\/al\/?post_type=product&#038;p=36279"},"modified":"2026-05-07T09:34:12","modified_gmt":"2026-05-07T07:34:12","slug":"batanije-soft-touch-per-nje-person-5","status":"publish","type":"product","link":"https:\/\/www.comoditahome.com\/al\/product\/batanije-soft-touch-per-nje-person-5\/","title":{"rendered":"Batanije Soft Touch p\u00ebr nj\u00eb person"},"content":{"rendered":"","protected":false},"excerpt":{"rendered":"<p style=\"text-align: left;\">Batanija Soft Touch \u00ebsht\u00eb e qepur n\u00eb nj\u00eb ngjyr\u00eb t\u00eb hijshme, me nj\u00eb material i but\u00eb me tekstur\u00eb tejet t\u00eb k\u00ebndshme n\u00eb prekje, gj\u00eb \u00e7ka ju b\u00ebn\u00eb t\u00eb ndiheni rehatsh\u00ebm kur mb\u00ebshtilleni me t\u00eb.<\/p>\n<p style=\"text-align: left;\"><strong>Dimensioni \/ Kompozicioni: <\/strong>200x200cm<\/p>\n<p style=\"text-align: left;\"><strong>NGJYRA:<\/strong> Bezh\u00eb<\/p>\n<p style=\"text-align: left;\"><strong>MATERIALI:<\/strong> Poliester<\/p>\n<p style=\"text-align: left;\"><strong>UDH\u00cbZIMET E P\u00cbRDORIMIT:<\/strong> N\u00eb makin\u00eb lar\u00ebse 30\u00b0C<\/p>\n<p style=\"text-align: left;\"><strong>KUSHTET E KTHIMIT \/ GARANCION:<\/strong> P\u00ebr shkak t\u00eb kontaktit me higjien\u00eb personale, p\u00ebr produktet e tekstilit nuk pranohen kthime apo reklamacione.<\/p>\n","protected":false},"featured_media":36320,"template":"","meta":[],"product_cat":[199,74,49,51],"product_tag":[],"_links":{"self":[{"href":"https:\/\/www.comoditahome.com\/al\/wp-json\/wp\/v2\/product\/36279"}],"collection":[{"href":"https:\/\/www.comoditahome.com\/al\/wp-json\/wp\/v2\/product"}],"about":[{"href":"https:\/\/www.comoditahome.com\/al\/wp-json\/wp\/v2\/types\/product"}],"version-history":[{"count":2,"href":"https:\/\/www.comoditahome.com\/al\/wp-json\/wp\/v2\/product\/36279\/revisions"}],"predecessor-version":[{"id":70388,"href":"https:\/\/www.comoditahome.com\/al\/wp-json\/wp\/v2\/product\/36279\/revisions\/70388"}],"wp:featuredmedia":[{"embeddable":true,"href":"https:\/\/www.comoditahome.com\/al\/wp-json\/wp\/v2\/media\/36320"}],"wp:attachment":[{"href":"https:\/\/www.comoditahome.com\/al\/wp-json\/wp\/v2\/media?parent=36279"}],"wp:term":[{"taxonomy":"product_cat","embeddable":true,"href":"https:\/\/www.comoditahome.com\/al\/wp-json\/wp\/v2\/product_cat?post=36279"},{"taxonomy":"product_tag","embeddable":true,"href":"https:\/\/www.comoditahome.com\/al\/wp-json\/wp\/v2\/product_tag?post=36279"}],"curies":[{"name":"wp","href":"https:\/\/api.w.org\/{rel}","templated":true}]}}