 {"id":36281,"date":"2022-06-03T10:22:51","date_gmt":"2022-06-03T08:22:51","guid":{"rendered":"https:\/\/www.comoditahome.com\/al\/?post_type=product&#038;p=36281"},"modified":"2026-04-09T11:54:54","modified_gmt":"2026-04-09T09:54:54","slug":"jastek-dekorativ-oxford-5","status":"publish","type":"product","link":"https:\/\/www.comoditahome.com\/al\/product\/jastek-dekorativ-oxford-5\/","title":{"rendered":"Jast\u00ebk dekorativ Oxford"},"content":{"rendered":"","protected":false},"excerpt":{"rendered":"<p style=\"text-align: left;\">Jast\u00ebku dekorativ Oxford ka form\u00ebn katrore me rrethime q\u00eb theksojn\u00eb mbushjen e brendshme. Me ngjyr\u00eb t\u00eb k\u00ebndshme, nj\u00eb jast\u00ebk i till\u00eb do t\u00eb b\u00ebj\u00eb diferenc\u00ebn e nj\u00eb divani t\u00eb nj\u00ebtrajtsh\u00ebm, n\u00eb dhom\u00ebn e gjumit me \u00e7ar\u00e7af\u00eb klasik apo n\u00eb kolovajz\u00ebn e oborrit. Mb\u00ebshtjell\u00ebsi i tij \u00ebsht\u00eb qepur me zingjir praktik, p\u00ebr t&#8217;u pastruar apo ajrosur.<br \/>\n<strong>Dimensioni \/ Kompozicioni:<\/strong> 45x40cm<br \/>\n<strong>NGJYRA:<\/strong> Ngjyra mund t\u00eb jet\u00eb e llojllojshme<br \/>\n<strong>MATERIALI:<\/strong> Kombinim i shkum\u00ebs Memory me mb\u00ebshtjell\u00ebs pambuku<br \/>\n<strong>UDH\u00cbZIMET E P\u00cbRDORIMIT:<\/strong> Mund t\u00eb lahet vet\u00ebm mb\u00ebshtjell\u00ebsi i jasht\u00ebm<br \/>\n<strong>KUSHTET E KTHIMIT \/ GARANCION:<\/strong> P\u00ebr k\u00ebt\u00eb produkt pranohet reklamacion brenda 24 or\u00ebve pasi t\u00eb pranoni porosin\u00eb.<br \/>\n<span style=\"color: #ffffff;\">85<\/span><\/p>\n","protected":false},"featured_media":36325,"template":"","meta":[],"product_cat":[183,49,100],"product_tag":[],"_links":{"self":[{"href":"https:\/\/www.comoditahome.com\/al\/wp-json\/wp\/v2\/product\/36281"}],"collection":[{"href":"https:\/\/www.comoditahome.com\/al\/wp-json\/wp\/v2\/product"}],"about":[{"href":"https:\/\/www.comoditahome.com\/al\/wp-json\/wp\/v2\/types\/product"}],"version-history":[{"count":1,"href":"https:\/\/www.comoditahome.com\/al\/wp-json\/wp\/v2\/product\/36281\/revisions"}],"predecessor-version":[{"id":36643,"href":"https:\/\/www.comoditahome.com\/al\/wp-json\/wp\/v2\/product\/36281\/revisions\/36643"}],"wp:featuredmedia":[{"embeddable":true,"href":"https:\/\/www.comoditahome.com\/al\/wp-json\/wp\/v2\/media\/36325"}],"wp:attachment":[{"href":"https:\/\/www.comoditahome.com\/al\/wp-json\/wp\/v2\/media?parent=36281"}],"wp:term":[{"taxonomy":"product_cat","embeddable":true,"href":"https:\/\/www.comoditahome.com\/al\/wp-json\/wp\/v2\/product_cat?post=36281"},{"taxonomy":"product_tag","embeddable":true,"href":"https:\/\/www.comoditahome.com\/al\/wp-json\/wp\/v2\/product_tag?post=36281"}],"curies":[{"name":"wp","href":"https:\/\/api.w.org\/{rel}","templated":true}]}}