 {"id":36282,"date":"2022-06-03T10:22:51","date_gmt":"2022-06-03T08:22:51","guid":{"rendered":"https:\/\/www.comoditahome.com\/al\/?post_type=product&#038;p=36282"},"modified":"2026-03-02T09:11:35","modified_gmt":"2026-03-02T07:11:35","slug":"ore-muri-new-life-3d","status":"publish","type":"product","link":"https:\/\/www.comoditahome.com\/al\/product\/ore-muri-new-life-3d\/","title":{"rendered":"Or\u00eb muri New Life 3D"},"content":{"rendered":"","protected":false},"excerpt":{"rendered":"<p style=\"text-align: left;\">Or\u00eb me stil modern q\u00eb hijeshon murin tuaj me thjesht\u00ebsin\u00eb e saj. P\u00ebrshtatet leht\u00ebsisht brenda sht\u00ebpis\u00eb, zyr\u00ebs apo dyqanit. Gjindet n\u00eb dy lloje ngjyrash: Kalt\u00ebr e hapur dhe krem e hapur me dimensionet 25cm.<br \/>\n<strong>Dimensioni \/ Kompozicioni:<\/strong> 25cm<br \/>\n<strong>NGJYRA:<\/strong> Hiri<br \/>\n<strong>MATERIALI:<\/strong> Plastik\u00eb<br \/>\n<strong>UDH\u00cbZIMET E P\u00cbRDORIMIT:<\/strong>\u00a0 T\u00eb pastrohet me dor\u00eb<br \/>\n<strong>KUSHTET E KTHIMIT \/ GARANCION:<\/strong> P\u00ebr k\u00ebt\u00eb produkt pranohet reklamacion brenda 24 or\u00ebve pasi t\u00eb pranoni porosin\u00eb.<br \/>\n<span style=\"color: #ffffff;\">5310233000681<\/span><br \/>\n<span style=\"color: #ffffff;\">5310233000681<\/span><\/p>\n","protected":false},"featured_media":36329,"template":"","meta":[],"product_cat":[69,49,154],"product_tag":[],"_links":{"self":[{"href":"https:\/\/www.comoditahome.com\/al\/wp-json\/wp\/v2\/product\/36282"}],"collection":[{"href":"https:\/\/www.comoditahome.com\/al\/wp-json\/wp\/v2\/product"}],"about":[{"href":"https:\/\/www.comoditahome.com\/al\/wp-json\/wp\/v2\/types\/product"}],"version-history":[{"count":0,"href":"https:\/\/www.comoditahome.com\/al\/wp-json\/wp\/v2\/product\/36282\/revisions"}],"wp:featuredmedia":[{"embeddable":true,"href":"https:\/\/www.comoditahome.com\/al\/wp-json\/wp\/v2\/media\/36329"}],"wp:attachment":[{"href":"https:\/\/www.comoditahome.com\/al\/wp-json\/wp\/v2\/media?parent=36282"}],"wp:term":[{"taxonomy":"product_cat","embeddable":true,"href":"https:\/\/www.comoditahome.com\/al\/wp-json\/wp\/v2\/product_cat?post=36282"},{"taxonomy":"product_tag","embeddable":true,"href":"https:\/\/www.comoditahome.com\/al\/wp-json\/wp\/v2\/product_tag?post=36282"}],"curies":[{"name":"wp","href":"https:\/\/api.w.org\/{rel}","templated":true}]}}