 {"id":36284,"date":"2024-06-03T10:22:51","date_gmt":"2024-06-03T08:22:51","guid":{"rendered":"https:\/\/www.comoditahome.com\/al\/?post_type=product&#038;p=36284"},"modified":"2026-03-30T12:12:06","modified_gmt":"2026-03-30T10:12:06","slug":"fast-hand-blender","status":"publish","type":"product","link":"https:\/\/www.comoditahome.com\/al\/product\/fast-hand-blender\/","title":{"rendered":"Fast Hand Blender"},"content":{"rendered":"","protected":false},"excerpt":{"rendered":"<p style=\"text-align: left;\">Pajisja Fast Hand Blender \u00ebsht\u00eb miku juaj m\u00eb i mir\u00eb i kuzhin\u00ebs. Me k\u00ebt\u00eb pajisje ju mund t\u00eb bluani apo cop\u00ebtoni mishin, frutat, perimet, arrat, er\u00ebzat dhe frutat e thata. Mjafton vet\u00ebm t\u00eb nd\u00ebroni pjes\u00ebn e poshtme t\u00eb pajisjes, dhe ju ndryshoni edhe funksionin e saj brenda fare pak sekondash. N\u00eb nj\u00eb pajisje t\u00eb vetme ju keni tund\u00ebsin, grir\u00ebsin dhe blenderin, funksione k\u00ebto q\u00eb mund t&#8217;i ndryshoni shpejt\u00ebsin\u00eb n\u00eb 8 nivele, var\u00ebsisht sipas d\u00ebshir\u00ebs suaj.<br \/>\n<strong>Dimensioni \/ Kompozicioni:<\/strong> 800w | Pajisja vjen s\u00eb bashku me 3 pjes\u00eb t\u00eb cilat mund t\u00eb ndrohen p\u00ebr t\u00eb ofruar funksione t\u00eb ndryshme (1x blender, 1x grir\u00ebse, 1x tund\u00ebse) Pajisja ka edhe 1x en\u00eb t\u00eb grir\u00ebses dhe 1x got\u00eb 600 mililit\u00ebrshe p\u00ebr t\u00eb parandaluar sp\u00ebrkatjen.<br \/>\n<strong>NGJYRA:<\/strong> I agjend<br \/>\n<strong>MATERIALI:<\/strong> Elektrik\u00eb dhe metal<br \/>\n<strong>UDH\u00cbZIMET E P\u00cbRDORIMIT:<\/strong> P\u00ebr detaje tjera rreth perdorimit konsultohuni me udh\u00ebzuesin.<br \/>\n<strong>KUSHTET E KTHIMIT \/ GARANCION:<\/strong>P\u00ebr k\u00ebt\u00eb produkt pranohet reklamacion brenda 24 or\u00ebve pasi t\u00eb pranoni porosin\u00eb.<\/p>\n","protected":false},"featured_media":36337,"template":"","meta":[],"product_cat":[55,64],"product_tag":[],"_links":{"self":[{"href":"https:\/\/www.comoditahome.com\/al\/wp-json\/wp\/v2\/product\/36284"}],"collection":[{"href":"https:\/\/www.comoditahome.com\/al\/wp-json\/wp\/v2\/product"}],"about":[{"href":"https:\/\/www.comoditahome.com\/al\/wp-json\/wp\/v2\/types\/product"}],"version-history":[{"count":2,"href":"https:\/\/www.comoditahome.com\/al\/wp-json\/wp\/v2\/product\/36284\/revisions"}],"predecessor-version":[{"id":81909,"href":"https:\/\/www.comoditahome.com\/al\/wp-json\/wp\/v2\/product\/36284\/revisions\/81909"}],"wp:featuredmedia":[{"embeddable":true,"href":"https:\/\/www.comoditahome.com\/al\/wp-json\/wp\/v2\/media\/36337"}],"wp:attachment":[{"href":"https:\/\/www.comoditahome.com\/al\/wp-json\/wp\/v2\/media?parent=36284"}],"wp:term":[{"taxonomy":"product_cat","embeddable":true,"href":"https:\/\/www.comoditahome.com\/al\/wp-json\/wp\/v2\/product_cat?post=36284"},{"taxonomy":"product_tag","embeddable":true,"href":"https:\/\/www.comoditahome.com\/al\/wp-json\/wp\/v2\/product_tag?post=36284"}],"curies":[{"name":"wp","href":"https:\/\/api.w.org\/{rel}","templated":true}]}}