 {"id":36285,"date":"2022-06-03T10:22:51","date_gmt":"2022-06-03T08:22:51","guid":{"rendered":"https:\/\/www.comoditahome.com\/al\/?post_type=product&#038;p=36285"},"modified":"2026-04-23T09:00:20","modified_gmt":"2026-04-23T07:00:20","slug":"fast-chopper","status":"publish","type":"product","link":"https:\/\/www.comoditahome.com\/al\/product\/fast-chopper\/","title":{"rendered":"Fast Chopper"},"content":{"rendered":"","protected":false},"excerpt":{"rendered":"<p style=\"text-align: left;\">Pajisja Fast Chopper \u00ebsht\u00eb nj\u00eb procesues ushqimi shum\u00eb i leht\u00eb p\u00ebr t\u2019u p\u00ebrdorur. Me k\u00ebt\u00eb pajisje ju mund t\u00eb p\u00ebrzieni, bluani, cop\u00ebtoni dhe grini mishin, frutat, perimet, ushqimin e f\u00ebmij\u00ebve, arrat dhe far\u00ebrat. Me brisqe nga \u00e7eliku i pandryshksh\u00ebm q\u00eb mund t\u00eb zhvendosen, pajisja Fast Chopper ju siguron p\u00ebrpunim t\u00eb leht\u00eb t\u00eb p\u00ebrb\u00ebr\u00ebsve n\u00eb en\u00ebn prej qelqi me kapacitet 1500ml. Ushqimi juaj do t\u00eb jet\u00eb i p\u00ebrpunuar mir\u00eb dhe i mbrojtur nga kimikatet. \u00cbsht\u00eb shum\u00eb i leht\u00eb p\u00ebr t&#8217;u mir\u00ebmbajtur dhe pastruar. Ka nj\u00eb dizajn modern e kompakt q\u00eb e b\u00ebn\u00eb t\u00eb p\u00ebrshtatsh\u00ebm p\u00ebr \u00e7do kuzhin\u00eb.<br \/>\n<strong>Dimensioni \/ Kompozicioni:<\/strong> 400w | Pajisja vjen s\u00eb bashku me 1x en\u00eb prej qelqi me kapacitet 1500ml.<br \/>\n<strong>NGJYRA:<\/strong> I agjend<br \/>\n<strong>MATERIALI:<\/strong> Elektrik\u00eb dhe metal<br \/>\n<strong>UDH\u00cbZIMET E P\u00cbRDORIMIT:<\/strong> P\u00ebr detaje tjera rreth perdorimit konsultohuni me udh\u00ebzuesin.<br \/>\n<strong>KUSHTET E KTHIMIT \/ GARANCION:<\/strong>P\u00ebr k\u00ebt\u00eb produkt pranohet reklamacion brenda 24 or\u00ebve pasi t\u00eb pranoni porosin\u00eb.<\/p>\n","protected":false},"featured_media":36342,"template":"","meta":[],"product_cat":[55,64],"product_tag":[],"_links":{"self":[{"href":"https:\/\/www.comoditahome.com\/al\/wp-json\/wp\/v2\/product\/36285"}],"collection":[{"href":"https:\/\/www.comoditahome.com\/al\/wp-json\/wp\/v2\/product"}],"about":[{"href":"https:\/\/www.comoditahome.com\/al\/wp-json\/wp\/v2\/types\/product"}],"version-history":[{"count":1,"href":"https:\/\/www.comoditahome.com\/al\/wp-json\/wp\/v2\/product\/36285\/revisions"}],"predecessor-version":[{"id":56636,"href":"https:\/\/www.comoditahome.com\/al\/wp-json\/wp\/v2\/product\/36285\/revisions\/56636"}],"wp:featuredmedia":[{"embeddable":true,"href":"https:\/\/www.comoditahome.com\/al\/wp-json\/wp\/v2\/media\/36342"}],"wp:attachment":[{"href":"https:\/\/www.comoditahome.com\/al\/wp-json\/wp\/v2\/media?parent=36285"}],"wp:term":[{"taxonomy":"product_cat","embeddable":true,"href":"https:\/\/www.comoditahome.com\/al\/wp-json\/wp\/v2\/product_cat?post=36285"},{"taxonomy":"product_tag","embeddable":true,"href":"https:\/\/www.comoditahome.com\/al\/wp-json\/wp\/v2\/product_tag?post=36285"}],"curies":[{"name":"wp","href":"https:\/\/api.w.org\/{rel}","templated":true}]}}