 {"id":36646,"date":"2022-06-15T12:52:30","date_gmt":"2022-06-15T10:52:30","guid":{"rendered":"https:\/\/www.comoditahome.com\/al\/?post_type=product&#038;p=36646"},"modified":"2026-04-09T11:54:54","modified_gmt":"2026-04-09T09:54:54","slug":"set-carcafesh-lark-per-nje-person","status":"publish","type":"product","link":"https:\/\/www.comoditahome.com\/al\/product\/set-carcafesh-lark-per-nje-person\/","title":{"rendered":"Set \u00e7ar\u00e7af\u00ebsh Lark p\u00ebr nj\u00eb person"},"content":{"rendered":"","protected":false},"excerpt":{"rendered":"<p style=\"text-align: left\">Seti i \u00e7ar\u00e7af\u00ebve nga linja Spring Nature vjjen me elemente abstrakte t\u00eb vizatuara n\u00eb t\u00ebr\u00eb sip\u00ebrfaqen duke i dhuruar nj\u00eb stil t\u00eb ve\u00e7ant\u00eb dhom\u00ebs tuaj. P\u00ebrjetoni rehatin\u00eb q\u00eb ju duhet p\u00ebr t\u00eb b\u00ebr\u00eb gjumin m\u00eb cil\u00ebsor n\u00eb nj\u00eb ambient higjenik larg alergjive dhe bakterieve.<br \/>\n<strong>Dimensioni \/ Kompozicioni:<\/strong> Set me 3 pjes\u00eb: 1x k\u00ebll\u00ebf jorgani 160x220cm, 1x \u00e7ar\u00e7af i dyshekut 160x240cm, 1x k\u00ebll\u00ebf jast\u00ebku 50x70cm<br \/>\n<strong>NGJYRA:<\/strong> Me dizajn<br \/>\n<strong>MATERIALI:<\/strong> 100% Pambuk<br \/>\n<strong>UDH\u00cbZIMET E P\u00cbRDORIMIT:<\/strong> N\u00eb makin\u00eb lar\u00ebse 30\u00b0C<br \/>\n<strong>KUSHTET E KTHIMIT \/ GARANCION:<\/strong> P\u00ebr shkak t\u00eb kontaktit me higjien\u00eb personale, p\u00ebr produktet e tekstilit nuk pranohen kthime apo reklamacione.<\/p>\n<p>&nbsp;<\/p>\n<p><span style=\"color: #ffffff\">3907489160720<\/span><\/p>\n","protected":false},"featured_media":53256,"template":"","meta":[],"product_cat":[51,52],"product_tag":[],"_links":{"self":[{"href":"https:\/\/www.comoditahome.com\/al\/wp-json\/wp\/v2\/product\/36646"}],"collection":[{"href":"https:\/\/www.comoditahome.com\/al\/wp-json\/wp\/v2\/product"}],"about":[{"href":"https:\/\/www.comoditahome.com\/al\/wp-json\/wp\/v2\/types\/product"}],"version-history":[{"count":2,"href":"https:\/\/www.comoditahome.com\/al\/wp-json\/wp\/v2\/product\/36646\/revisions"}],"predecessor-version":[{"id":55295,"href":"https:\/\/www.comoditahome.com\/al\/wp-json\/wp\/v2\/product\/36646\/revisions\/55295"}],"wp:featuredmedia":[{"embeddable":true,"href":"https:\/\/www.comoditahome.com\/al\/wp-json\/wp\/v2\/media\/53256"}],"wp:attachment":[{"href":"https:\/\/www.comoditahome.com\/al\/wp-json\/wp\/v2\/media?parent=36646"}],"wp:term":[{"taxonomy":"product_cat","embeddable":true,"href":"https:\/\/www.comoditahome.com\/al\/wp-json\/wp\/v2\/product_cat?post=36646"},{"taxonomy":"product_tag","embeddable":true,"href":"https:\/\/www.comoditahome.com\/al\/wp-json\/wp\/v2\/product_tag?post=36646"}],"curies":[{"name":"wp","href":"https:\/\/api.w.org\/{rel}","templated":true}]}}