 {"id":36816,"date":"2022-06-28T14:31:59","date_gmt":"2022-06-28T12:31:59","guid":{"rendered":"https:\/\/www.comoditahome.com\/al\/?post_type=product&#038;p=36816"},"modified":"2026-04-09T11:54:56","modified_gmt":"2026-04-09T09:54:56","slug":"kuverte-shtrati-verore","status":"publish","type":"product","link":"https:\/\/www.comoditahome.com\/al\/product\/kuverte-shtrati-verore\/","title":{"rendered":"Kuvert\u00eb shtrati verore"},"content":{"rendered":"","protected":false},"excerpt":{"rendered":"<p style=\"text-align: left;\"><strong>Dimensioni \/ Kompozicioni:<\/strong> 180x220m, 200x220cm, 230x220cm<br \/>\n<strong>NGJYRA:<\/strong>\u00a0Mint<br \/>\n<strong>MATERIALI:<\/strong> 100% pambuk<br \/>\n<strong>UDH\u00cbZIMET E P\u00cbRDORIMIT:<\/strong> N\u00eb makin\u00eb lar\u00ebse 40\u00b0C<br \/>\n<strong>KUSHTET E KTHIMIT \/ GARANCI:<\/strong> P\u00ebr shkak t\u00eb kontaktit me higjien\u00eb personale, p\u00ebr produktet e tekstilit nuk pranohen kthime produktesh.<\/p>\n","protected":false},"featured_media":36817,"template":"","meta":[],"product_cat":[51,102],"product_tag":[],"_links":{"self":[{"href":"https:\/\/www.comoditahome.com\/al\/wp-json\/wp\/v2\/product\/36816"}],"collection":[{"href":"https:\/\/www.comoditahome.com\/al\/wp-json\/wp\/v2\/product"}],"about":[{"href":"https:\/\/www.comoditahome.com\/al\/wp-json\/wp\/v2\/types\/product"}],"version-history":[{"count":0,"href":"https:\/\/www.comoditahome.com\/al\/wp-json\/wp\/v2\/product\/36816\/revisions"}],"wp:featuredmedia":[{"embeddable":true,"href":"https:\/\/www.comoditahome.com\/al\/wp-json\/wp\/v2\/media\/36817"}],"wp:attachment":[{"href":"https:\/\/www.comoditahome.com\/al\/wp-json\/wp\/v2\/media?parent=36816"}],"wp:term":[{"taxonomy":"product_cat","embeddable":true,"href":"https:\/\/www.comoditahome.com\/al\/wp-json\/wp\/v2\/product_cat?post=36816"},{"taxonomy":"product_tag","embeddable":true,"href":"https:\/\/www.comoditahome.com\/al\/wp-json\/wp\/v2\/product_tag?post=36816"}],"curies":[{"name":"wp","href":"https:\/\/api.w.org\/{rel}","templated":true}]}}