 {"id":54349,"date":"2022-08-22T09:36:15","date_gmt":"2022-08-22T07:36:15","guid":{"rendered":"https:\/\/www.comoditahome.com\/al\/?post_type=product&#038;p=54349"},"modified":"2026-03-02T09:11:36","modified_gmt":"2026-03-02T07:11:36","slug":"tabak-sherbimi-2","status":"publish","type":"product","link":"https:\/\/www.comoditahome.com\/al\/product\/tabak-sherbimi-2\/","title":{"rendered":"Tabak sh\u00ebrbimi"},"content":{"rendered":"","protected":false},"excerpt":{"rendered":"<p>Ky tabak sh\u00ebrbimi me form\u00eb ovale, ka sip\u00ebrfaqe t\u00eb punuar nga materiali i aluminit dhe vjen me dy dor\u00ebza t\u00eb bashkangjitura n\u00eb t\u00eb. Ka ngjyr\u00eb ari dhe tekstur\u00eb t\u00eb graviruar me aq delikates\u00eb. Jepi kuzhines tuaj stil, q\u00eb prezantimet tuaja t\u00eb jen\u00eb sa m\u00eb elegante.<\/p>\n<p><strong>Dimensioni \/ Kompozicioni:<\/strong> 44x39x6CM<\/p>\n<p><strong>NGJYRA:<\/strong> Ari<\/p>\n<p><strong>MATERIALI:<\/strong> Alumin<\/p>\n<p><strong>UDH\u00cbZIMET E P\u00cbRDORIMIT:<\/strong>\u00a0 T\u00eb pastrohet me dor\u00eb<\/p>\n","protected":false},"featured_media":54350,"template":"","meta":[],"product_cat":[55,60,57],"product_tag":[],"_links":{"self":[{"href":"https:\/\/www.comoditahome.com\/al\/wp-json\/wp\/v2\/product\/54349"}],"collection":[{"href":"https:\/\/www.comoditahome.com\/al\/wp-json\/wp\/v2\/product"}],"about":[{"href":"https:\/\/www.comoditahome.com\/al\/wp-json\/wp\/v2\/types\/product"}],"version-history":[{"count":0,"href":"https:\/\/www.comoditahome.com\/al\/wp-json\/wp\/v2\/product\/54349\/revisions"}],"wp:featuredmedia":[{"embeddable":true,"href":"https:\/\/www.comoditahome.com\/al\/wp-json\/wp\/v2\/media\/54350"}],"wp:attachment":[{"href":"https:\/\/www.comoditahome.com\/al\/wp-json\/wp\/v2\/media?parent=54349"}],"wp:term":[{"taxonomy":"product_cat","embeddable":true,"href":"https:\/\/www.comoditahome.com\/al\/wp-json\/wp\/v2\/product_cat?post=54349"},{"taxonomy":"product_tag","embeddable":true,"href":"https:\/\/www.comoditahome.com\/al\/wp-json\/wp\/v2\/product_tag?post=54349"}],"curies":[{"name":"wp","href":"https:\/\/api.w.org\/{rel}","templated":true}]}}