 {"id":54362,"date":"2022-08-22T09:46:37","date_gmt":"2022-08-22T07:46:37","guid":{"rendered":"https:\/\/www.comoditahome.com\/al\/?post_type=product&#038;p=54362"},"modified":"2026-03-02T09:11:36","modified_gmt":"2026-03-02T07:11:36","slug":"tabak-sherbimi-3","status":"publish","type":"product","link":"https:\/\/www.comoditahome.com\/al\/product\/tabak-sherbimi-3\/","title":{"rendered":"Tabak sh\u00ebrbimi"},"content":{"rendered":"","protected":false},"excerpt":{"rendered":"<p>Ky tabak sh\u00ebrbimi n\u00eb form\u00eb ovale ka sip\u00ebrfaqe gome te past\u00ebr dhe mbajt\u00ebse alumini tejet t\u00eb veqant\u00eb. Nj\u00eb stil minimal q\u00eb shkon me kuzhinat moderne.<\/p>\n<p><strong>Dimensioni \/ Kompozicioni:<\/strong> 28x28x5CM<\/p>\n<p><strong>NGJYRA:<\/strong> Zez\u00eb<\/p>\n<p><strong>MATERIALI:<\/strong> Gom\u00eb dhe alumin<\/p>\n<p><strong>UDH\u00cbZIMET E P\u00cbRDORIMIT:<\/strong>\u00a0T\u00eb pastrohet me dor\u00eb<\/p>\n","protected":false},"featured_media":54363,"template":"","meta":[],"product_cat":[55,60,57],"product_tag":[],"_links":{"self":[{"href":"https:\/\/www.comoditahome.com\/al\/wp-json\/wp\/v2\/product\/54362"}],"collection":[{"href":"https:\/\/www.comoditahome.com\/al\/wp-json\/wp\/v2\/product"}],"about":[{"href":"https:\/\/www.comoditahome.com\/al\/wp-json\/wp\/v2\/types\/product"}],"version-history":[{"count":0,"href":"https:\/\/www.comoditahome.com\/al\/wp-json\/wp\/v2\/product\/54362\/revisions"}],"wp:featuredmedia":[{"embeddable":true,"href":"https:\/\/www.comoditahome.com\/al\/wp-json\/wp\/v2\/media\/54363"}],"wp:attachment":[{"href":"https:\/\/www.comoditahome.com\/al\/wp-json\/wp\/v2\/media?parent=54362"}],"wp:term":[{"taxonomy":"product_cat","embeddable":true,"href":"https:\/\/www.comoditahome.com\/al\/wp-json\/wp\/v2\/product_cat?post=54362"},{"taxonomy":"product_tag","embeddable":true,"href":"https:\/\/www.comoditahome.com\/al\/wp-json\/wp\/v2\/product_tag?post=54362"}],"curies":[{"name":"wp","href":"https:\/\/api.w.org\/{rel}","templated":true}]}}