 {"id":54376,"date":"2022-08-22T09:50:28","date_gmt":"2022-08-22T07:50:28","guid":{"rendered":"https:\/\/www.comoditahome.com\/al\/?post_type=product&#038;p=54376"},"modified":"2026-04-23T09:00:21","modified_gmt":"2026-04-23T07:00:21","slug":"tabak-sherbimi-5","status":"publish","type":"product","link":"https:\/\/www.comoditahome.com\/al\/product\/tabak-sherbimi-5\/","title":{"rendered":"Tabak sh\u00ebrbimi"},"content":{"rendered":"","protected":false},"excerpt":{"rendered":"<p>Ky tabak sh\u00ebrbimi n\u00eb form\u00eb drejtk\u00ebnd\u00ebshi ka sip\u00ebrfaqe nga xhami dhe mbajt\u00ebse alumini tejet t\u00eb veqant\u00eb. Jepi kuzhines tuaj stil modern me sh\u00ebrbime elegante.<\/p>\n<p><strong>Dimensioni \/ Kompozicioni:<\/strong> 30x20x5CM<\/p>\n<p><strong>NGJYRA:<\/strong> Ari<\/p>\n<p><strong>MATERIALI:<\/strong> Alumin dhe xham<\/p>\n<p><strong>UDH\u00cbZIMET E P\u00cbRDORIMIT:<\/strong>\u00a0T\u00eb pastrohet me dor\u00eb<\/p>\n","protected":false},"featured_media":54377,"template":"","meta":[],"product_cat":[55,60,57],"product_tag":[],"_links":{"self":[{"href":"https:\/\/www.comoditahome.com\/al\/wp-json\/wp\/v2\/product\/54376"}],"collection":[{"href":"https:\/\/www.comoditahome.com\/al\/wp-json\/wp\/v2\/product"}],"about":[{"href":"https:\/\/www.comoditahome.com\/al\/wp-json\/wp\/v2\/types\/product"}],"version-history":[{"count":1,"href":"https:\/\/www.comoditahome.com\/al\/wp-json\/wp\/v2\/product\/54376\/revisions"}],"predecessor-version":[{"id":54382,"href":"https:\/\/www.comoditahome.com\/al\/wp-json\/wp\/v2\/product\/54376\/revisions\/54382"}],"wp:featuredmedia":[{"embeddable":true,"href":"https:\/\/www.comoditahome.com\/al\/wp-json\/wp\/v2\/media\/54377"}],"wp:attachment":[{"href":"https:\/\/www.comoditahome.com\/al\/wp-json\/wp\/v2\/media?parent=54376"}],"wp:term":[{"taxonomy":"product_cat","embeddable":true,"href":"https:\/\/www.comoditahome.com\/al\/wp-json\/wp\/v2\/product_cat?post=54376"},{"taxonomy":"product_tag","embeddable":true,"href":"https:\/\/www.comoditahome.com\/al\/wp-json\/wp\/v2\/product_tag?post=54376"}],"curies":[{"name":"wp","href":"https:\/\/api.w.org\/{rel}","templated":true}]}}