 {"id":54508,"date":"2025-11-01T15:15:26","date_gmt":"2025-11-01T13:15:26","guid":{"rendered":"https:\/\/www.comoditahome.com\/al\/?post_type=product&#038;p=54508"},"modified":"2026-05-07T09:34:14","modified_gmt":"2026-05-07T07:34:14","slug":"set-mbulese-shtrati-velvet-touch-per-nje-persona","status":"publish","type":"product","link":"https:\/\/www.comoditahome.com\/al\/product\/set-mbulese-shtrati-velvet-touch-per-nje-persona\/","title":{"rendered":"Set mbulese shtrati Velvet Touch p\u00ebr nj\u00eb person"},"content":{"rendered":"","protected":false},"excerpt":{"rendered":"<p style=\"text-align: left;\">Seti i mbules\u00ebs s\u00eb shtratit nga linja Velvet Touch prezantohet me nuanc\u00ebn t\u00ebrheq\u00ebse roz\u00eb t\u00eb hapur. Ky set dallohet p\u00ebr materialin cil\u00ebsor me plot\u00eb shije q\u00eb i shton eleganc\u00ebn krevatit tuaj t\u00eb gjumit. Me nj\u00eb sip\u00ebrfaqe t\u00eb but\u00eb kadifeje, me struktur\u00eb t\u00eb tekstur\u00ebs me vija simetrike, ky model integron madh\u00ebshtin\u00eb n\u00eb ambientin tuaj.<br \/>\n<strong>Dimensioni \/ Kompozicioni:<\/strong> Set me 2 pjes\u00eb: 1x mbules\u00eb shtrati 160x220cm, 1x k\u00ebll\u00ebf jast\u00ebku 50x70cm<br \/>\n<strong>NGJYRA:<\/strong>\u00a0Roz\u00eb e hapur<br \/>\n<strong>MATERIALI:<\/strong> 50% Pambuk 50% Poliest\u00ebr<br \/>\n<strong>UDH\u00cbZIMET E P\u00cbRDORIMIT:<\/strong> N\u00eb makin\u00eb lar\u00ebse 30\u00b0C<br \/>\n<strong>KUSHTET E KTHIMIT \/ GARANCION:<\/strong>\u00a0P\u00ebr shkak t\u00eb kontaktit me higjien\u00eb personale, p\u00ebr produktet e tekstilit nuk pranohen kthime apo reklamacione.<\/p>\n<p><span style=\"color: #ffffff;\">3907489180018<\/span><\/p>\n","protected":false},"featured_media":33681,"template":"","meta":[],"product_cat":[51,102],"product_tag":[],"_links":{"self":[{"href":"https:\/\/www.comoditahome.com\/al\/wp-json\/wp\/v2\/product\/54508"}],"collection":[{"href":"https:\/\/www.comoditahome.com\/al\/wp-json\/wp\/v2\/product"}],"about":[{"href":"https:\/\/www.comoditahome.com\/al\/wp-json\/wp\/v2\/types\/product"}],"version-history":[{"count":2,"href":"https:\/\/www.comoditahome.com\/al\/wp-json\/wp\/v2\/product\/54508\/revisions"}],"predecessor-version":[{"id":73759,"href":"https:\/\/www.comoditahome.com\/al\/wp-json\/wp\/v2\/product\/54508\/revisions\/73759"}],"wp:featuredmedia":[{"embeddable":true,"href":"https:\/\/www.comoditahome.com\/al\/wp-json\/wp\/v2\/media\/33681"}],"wp:attachment":[{"href":"https:\/\/www.comoditahome.com\/al\/wp-json\/wp\/v2\/media?parent=54508"}],"wp:term":[{"taxonomy":"product_cat","embeddable":true,"href":"https:\/\/www.comoditahome.com\/al\/wp-json\/wp\/v2\/product_cat?post=54508"},{"taxonomy":"product_tag","embeddable":true,"href":"https:\/\/www.comoditahome.com\/al\/wp-json\/wp\/v2\/product_tag?post=54508"}],"curies":[{"name":"wp","href":"https:\/\/api.w.org\/{rel}","templated":true}]}}