 {"id":54516,"date":"2021-09-05T15:36:05","date_gmt":"2021-09-05T13:36:05","guid":{"rendered":"https:\/\/www.comoditahome.com\/al\/?post_type=product&#038;p=54516"},"modified":"2026-04-23T09:00:22","modified_gmt":"2026-04-23T07:00:22","slug":"tigan-zecchino","status":"publish","type":"product","link":"https:\/\/www.comoditahome.com\/al\/product\/tigan-zecchino\/","title":{"rendered":"Tigan Zecchino"},"content":{"rendered":"","protected":false},"excerpt":{"rendered":"<p>Tigani Zecchino ka nj\u00eb sip\u00ebrfaqe t\u00eb shesht\u00eb q\u00eb e b\u00ebn\u00eb pjekjen e pallaqinkave tuaja shpejt dhe shijsh\u00ebm. Doreza e tij dhe modeli me form\u00eb t\u00eb rrumbullak\u00ebt e b\u00ebn\u00eb q\u00eb tigani t\u00eb jet\u00eb i leht\u00eb p\u00ebr t\u2019u p\u00ebrdorur dhe p\u00ebr t\u2019u pastruar. Tigani shpr\u00ebndan nxeht\u00ebsin\u00eb nj\u00eblloj n\u00eb t\u00eb gjith\u00eb sip\u00ebrfaqen.<\/p>\n<p><strong>Dimensioni \/ Kompozicioni:<\/strong> 25cm.<\/p>\n<p><strong>NGJYRA:<\/strong> Portokalle<\/p>\n<p><strong>MATERIALI:<\/strong> Gur\u00eb<\/p>\n<p><strong>UDH\u00cbZIMET E P\u00cbRDORIMIT:<\/strong> T\u00eb pastrohet me Dor\u00eb<\/p>\n<p><strong>KUSHTET E KTHIMIT \/ GARANCION: <\/strong>P\u00ebr k\u00ebt\u00eb produkt pranohet reklamacion brenda 24 or\u00ebve pasi t\u00eb pranoni porosin\u00eb.<\/p>\n<p>&nbsp;<\/p>\n<p><span style=\"color: #ffffff;\">8003703126932<\/span><\/p>\n","protected":false},"featured_media":54520,"template":"","meta":[],"product_cat":[183,56,55],"product_tag":[],"_links":{"self":[{"href":"https:\/\/www.comoditahome.com\/al\/wp-json\/wp\/v2\/product\/54516"}],"collection":[{"href":"https:\/\/www.comoditahome.com\/al\/wp-json\/wp\/v2\/product"}],"about":[{"href":"https:\/\/www.comoditahome.com\/al\/wp-json\/wp\/v2\/types\/product"}],"version-history":[{"count":1,"href":"https:\/\/www.comoditahome.com\/al\/wp-json\/wp\/v2\/product\/54516\/revisions"}],"predecessor-version":[{"id":81911,"href":"https:\/\/www.comoditahome.com\/al\/wp-json\/wp\/v2\/product\/54516\/revisions\/81911"}],"wp:featuredmedia":[{"embeddable":true,"href":"https:\/\/www.comoditahome.com\/al\/wp-json\/wp\/v2\/media\/54520"}],"wp:attachment":[{"href":"https:\/\/www.comoditahome.com\/al\/wp-json\/wp\/v2\/media?parent=54516"}],"wp:term":[{"taxonomy":"product_cat","embeddable":true,"href":"https:\/\/www.comoditahome.com\/al\/wp-json\/wp\/v2\/product_cat?post=54516"},{"taxonomy":"product_tag","embeddable":true,"href":"https:\/\/www.comoditahome.com\/al\/wp-json\/wp\/v2\/product_tag?post=54516"}],"curies":[{"name":"wp","href":"https:\/\/api.w.org\/{rel}","templated":true}]}}