 {"id":54522,"date":"2022-09-05T15:42:22","date_gmt":"2022-09-05T13:42:22","guid":{"rendered":"https:\/\/www.comoditahome.com\/al\/?post_type=product&#038;p=54522"},"modified":"2026-03-02T09:11:36","modified_gmt":"2026-03-02T07:11:36","slug":"guest-fold-3-palesh","status":"publish","type":"product","link":"https:\/\/www.comoditahome.com\/al\/product\/guest-fold-3-palesh\/","title":{"rendered":"Guest fold 3 pal\u00ebsh"},"content":{"rendered":"","protected":false},"excerpt":{"rendered":"<p style=\"text-align: left;\">Shilte Guest Fold 3 pal\u00ebsh me tekstur\u00ebn e tij t\u00eb but\u00eb e p\u00ebrb\u00ebr nga shpuza, ofron nj\u00eb mb\u00ebshtetje t\u00eb duhur p\u00ebr trupin tuaj kur q\u00ebndroni ulur. \u00cbsht\u00eb i p\u00ebrkryer p\u00ebr t\u2019u vendosur n\u00eb dhom\u00ebn e ndenj\u00ebs, t\u00eb gjumit, n\u00eb verand\u00ebn e sht\u00ebpis\u00eb apo n\u00eb ambientit e relaksit n\u00eb bisnesin tuaj. \u00cbsht\u00eb i leht\u00eb p\u00ebr t\u2019u zhvendosur n\u00eb vende t\u00eb ndryshme dhe p\u00ebrmes modelit t\u00eb tij modern, zhvillon nj\u00eb stilim unik t\u00eb hap\u00ebsir\u00ebs.<br \/>\n<strong>Dimensioni \/ Kompozicioni:<\/strong> 190x80x10cm<br \/>\n<strong>NGJYRA:<\/strong> Ngjyra mund t\u00eb jet\u00eb e llojllojshme<br \/>\n<strong>MATERIALI:<\/strong> Shpuz\u00eb<br \/>\n<strong>UDH\u00cbZIMET E P\u00cbRDORIMIT:<\/strong> Mund t\u00eb lahet vet\u00ebm mb\u00ebshtjell\u00ebsi i jasht\u00ebm<br \/>\n<strong>KUSHTET E KTHIMIT \/ GARANCION:<\/strong> P\u00ebr k\u00ebt\u00eb produkt pranohet reklamacion brenda 24 or\u00ebve pasi t\u00eb pranoni porosin\u00eb.<\/p>\n<p style=\"text-align: left;\"><span style=\"color: #ffffff;\">40<\/span><\/p>\n","protected":false},"featured_media":54523,"template":"","meta":[],"product_cat":[49,96],"product_tag":[],"_links":{"self":[{"href":"https:\/\/www.comoditahome.com\/al\/wp-json\/wp\/v2\/product\/54522"}],"collection":[{"href":"https:\/\/www.comoditahome.com\/al\/wp-json\/wp\/v2\/product"}],"about":[{"href":"https:\/\/www.comoditahome.com\/al\/wp-json\/wp\/v2\/types\/product"}],"version-history":[{"count":1,"href":"https:\/\/www.comoditahome.com\/al\/wp-json\/wp\/v2\/product\/54522\/revisions"}],"predecessor-version":[{"id":87779,"href":"https:\/\/www.comoditahome.com\/al\/wp-json\/wp\/v2\/product\/54522\/revisions\/87779"}],"wp:featuredmedia":[{"embeddable":true,"href":"https:\/\/www.comoditahome.com\/al\/wp-json\/wp\/v2\/media\/54523"}],"wp:attachment":[{"href":"https:\/\/www.comoditahome.com\/al\/wp-json\/wp\/v2\/media?parent=54522"}],"wp:term":[{"taxonomy":"product_cat","embeddable":true,"href":"https:\/\/www.comoditahome.com\/al\/wp-json\/wp\/v2\/product_cat?post=54522"},{"taxonomy":"product_tag","embeddable":true,"href":"https:\/\/www.comoditahome.com\/al\/wp-json\/wp\/v2\/product_tag?post=54522"}],"curies":[{"name":"wp","href":"https:\/\/api.w.org\/{rel}","templated":true}]}}