 {"id":54744,"date":"2022-09-13T10:07:01","date_gmt":"2022-09-13T08:07:01","guid":{"rendered":"https:\/\/www.comoditahome.com\/al\/?post_type=product&#038;p=54744"},"modified":"2026-04-23T09:00:22","modified_gmt":"2026-04-23T07:00:22","slug":"jastek-sense-air","status":"publish","type":"product","link":"https:\/\/www.comoditahome.com\/al\/product\/jastek-sense-air\/","title":{"rendered":"Jast\u00ebk Sense Air"},"content":{"rendered":"","protected":false},"excerpt":{"rendered":"<p>Jast\u00ebku Sense Fresh ka p\u00ebrb\u00ebrje t\u00eb shkum\u00ebs Memory t\u00eb cop\u00ebtuar dhe \u00ebsht\u00eb i rafinuar n\u00eb nj\u00eb kontur\u00eb ergonomike q\u00eb ofron mb\u00ebshtetje optimale e natyrale t\u00eb kok\u00ebs, qaf\u00ebs dhe fillimshpin\u00ebs. Vjen i mbuluar me nj\u00eb material q\u00eb p\u00ebrfshin fibra xhel, q\u00eb do t\u00eb ju siguroj\u00eb nj\u00eb ambient gjumi kund\u00ebr grimcave, \u00ebsht\u00eb jo alergjik dhe mban\u00eb temperatur\u00eb t\u00eb rregulluar. Ky jast\u00ebk \u00ebsht\u00eb i trash\u00eb dhe ka mjaft q\u00ebndrueshm\u00ebri q\u00eb nuk do t\u00eb lejoj\u00eb q\u00eb jast\u00ebku juaj t\u00eb rrafshohet kur nd\u00ebrroni pozicionin gjat\u00eb gjumit.<\/p>\n<p>Duke eliminuar lodhjen, d\u00ebmtimin dhe parehatin\u00eb e shkaktuar nga jast\u00ebk\u00ebt shum\u00eb t\u00eb but\u00eb, t\u00eb fort\u00eb apo fleksibil, ky jast\u00ebk ndihmon trupin t\u00eb hyj\u00eb n\u00eb nj\u00eb gjendje t\u00eb mir\u00eb t\u00eb gjumit shum\u00eb shpejt. Koka dhe qafa e relaksuar mund t\u00eb p\u00ebrmir\u00ebsoj\u00eb paraliz\u00ebn muskulore t\u00eb shkaktuar nga qarkullimi jo i mir\u00eb i gjakut dhe nervat e ngjeshura dhe mund t\u00eb reduktoj\u00eb rrotullimet gjat\u00eb gjumit, duke ju lejuar t\u00eb b\u00ebni nj\u00eb gjum\u00eb t\u00eb qet\u00eb.<\/p>\n<p><strong>Dimensioni \/ Kompozicioni:<\/strong> 40x70cm<\/p>\n<p><strong>NGJYRA:<\/strong> I bardh\u00eb<\/p>\n<p><strong>MATERIALI:<\/strong> Shkum\u00eb Memory e cop\u00ebtuar<\/p>\n<p><strong>UDH\u00cbZIMET E P\u00cbRDORIMIT:<\/strong> Nuk pastrohet, vet\u00ebm ajroset<\/p>\n<p><strong>KUSHTET E KTHIMIT \/ GARANCION:<\/strong> P\u00ebr shkak t\u00eb kontaktit me higjien\u00eb personale, p\u00ebr produktet e tekstilit nuk pranohen kthime apo reklamacione.<\/p>\n<p><span style=\"color: #ffffff;\">4262352860121<\/span><\/p>\n","protected":false},"featured_media":54745,"template":"","meta":[],"product_cat":[15,51,76],"product_tag":[],"_links":{"self":[{"href":"https:\/\/www.comoditahome.com\/al\/wp-json\/wp\/v2\/product\/54744"}],"collection":[{"href":"https:\/\/www.comoditahome.com\/al\/wp-json\/wp\/v2\/product"}],"about":[{"href":"https:\/\/www.comoditahome.com\/al\/wp-json\/wp\/v2\/types\/product"}],"version-history":[{"count":0,"href":"https:\/\/www.comoditahome.com\/al\/wp-json\/wp\/v2\/product\/54744\/revisions"}],"wp:featuredmedia":[{"embeddable":true,"href":"https:\/\/www.comoditahome.com\/al\/wp-json\/wp\/v2\/media\/54745"}],"wp:attachment":[{"href":"https:\/\/www.comoditahome.com\/al\/wp-json\/wp\/v2\/media?parent=54744"}],"wp:term":[{"taxonomy":"product_cat","embeddable":true,"href":"https:\/\/www.comoditahome.com\/al\/wp-json\/wp\/v2\/product_cat?post=54744"},{"taxonomy":"product_tag","embeddable":true,"href":"https:\/\/www.comoditahome.com\/al\/wp-json\/wp\/v2\/product_tag?post=54744"}],"curies":[{"name":"wp","href":"https:\/\/api.w.org\/{rel}","templated":true}]}}